{"id":99,"date":"2025-07-10T21:59:53","date_gmt":"2025-07-10T21:59:53","guid":{"rendered":"https:\/\/iseumdoslimitesdalua.com\/?page_id=99"},"modified":"2025-07-10T21:59:54","modified_gmt":"2025-07-10T21:59:54","slug":"guardioes","status":"publish","type":"page","link":"https:\/\/iseumdoslimitesdalua.com\/?page_id=99","title":{"rendered":"Guardi\u00f5es"},"content":{"rendered":"\n<p>O Iseum \u00e9 dedicado \u00e0s Deusas Nabia e Ataegina, mas Elas n\u00e3o s\u00e3o as \u00fanicas presen\u00e7as no mesmo. Como espa\u00e7o liminal, v\u00e1rios guardi\u00f5es protegem este espa\u00e7o e contribuem para ele. Estes guardi\u00f5es devem ser respeitados e reconhecidos.&nbsp;<\/p>\n\n\n\n<p><strong>Erbina, a que guarda os Portais:<\/strong><\/p>\n\n\n\n<p>Respeitamos Erbina Cantibidone, que, com Nabia, guarda os limites. Donzela Ninfa prateada que surge nos rios e ribeiras. Esta \u00e9 uma Deusa mais misteriosa que Nabia e Ataegina, mas nunca menos importante. Neste Iseum, vemos a sua presen\u00e7a como uma de porteira para o Outro Mundo, protetora dos limites, que permite, ou proibe, a passagem. Vemos Erbina como uma das Ninfas filhas de Nabia, Deusa, Bruxa e Fada num corpo s\u00f3.&nbsp;<\/p>\n\n\n\n<p><strong>A Jana, que guarda o Destino:<\/strong><\/p>\n\n\n\n<p>O Iseum tem uma Jana Familiar, que oferece ajuda em todos os atos de divina\u00e7\u00e3o e \u00e9 invocada e consultada para os mesmos. Janas s\u00e3o Seres M\u00e1gicos que decidem o Fado de todos os seres, e servem as Senhoras da Lua tal como n\u00f3s no Iseum, sendo os seres com os quais temos maior conex\u00e3o. Janas s\u00e3o o Destino incarnado, podendo tomar qualquer e todo o g\u00e9nero, existindo no contexto de tudo o que acontece e acontecer\u00e1.&nbsp;<\/p>\n\n\n\n<p><strong>U Duende, que guarda a Casa:<\/strong><\/p>\n\n\n\n<p>Qualquer espa\u00e7o tem o seu Duende. U Duende do Iseum n\u00e3o s\u00f3 mant\u00e9m a sua energia fisica e espiritual, como representa esse pr\u00f3prio espa\u00e7o. \u00c9 invocado para rituais e celebra\u00e7\u00f5es caseiras, e inclu\u00eddo nos mesmos. Duendes s\u00e3o Seres M\u00e1gicos da casa, famosamente ao servi\u00e7o de bruxas, que podem tanto fazer traquinices como trazer felicidade ao lar. Neste Iseum, vemos Duendes como extra\u00eddos dos conceitos humanos de g\u00e9nero, representa\u00e7\u00f5es de n\u00e3o binariadade.&nbsp;<\/p>\n\n\n\n<p><strong>Os Ancestrais, que guardam a Sabedoria:<\/strong><\/p>\n\n\n\n<p>O respeito ao que vieram antes de n\u00f3s faz parte de qualquer pr\u00e1tica pag\u00e3. Existimos no contexto do que eles criaram. Respeitamos os ancestrais que nos deixaram as aras que revelam os Deuses Lusitanos, os que esculpiam e desenhavam para os deuses como hoje fazemos. Os ancestrais que lutaram pelos direitos queer, que nos deram a liberdade de sermos quem somos abertamente, a liberdade de olhar para o Divino que forma Queer. Os ancestrais que escreveram e criaram tudo o que nos inspira na nossa pr\u00e1tica. Os ancestrais que vemos refletidos na nossa face, e os ancestrais da nossa linhagem inici\u00e1tica. Todes dentro de uma teia de uni\u00e3o e sabedoria.&nbsp;<\/p>\n","protected":false},"excerpt":{"rendered":"<p>O Iseum \u00e9 dedicado \u00e0s Deusas Nabia e Ataegina, mas Elas n\u00e3o s\u00e3o as \u00fanicas presen\u00e7as no mesmo. Como espa\u00e7o liminal, v\u00e1rios guardi\u00f5es protegem este espa\u00e7o e contribuem para ele. Estes guardi\u00f5es devem ser respeitados e reconhecidos.&nbsp; Erbina, a que guarda os Portais: Respeitamos Erbina Cantibidone, que, com Nabia, guarda os limites. Donzela Ninfa prateada [&hellip;]<\/p>\n","protected":false},"author":1,"featured_media":0,"parent":0,"menu_order":0,"comment_status":"closed","ping_status":"closed","template":"","meta":{"footnotes":""},"class_list":["post-99","page","type-page","status-publish","hentry"],"yoast_head":"<!-- This site is optimized with the Yoast SEO plugin v25.6 - https:\/\/yoast.com\/wordpress\/plugins\/seo\/ -->\n<title>Guardi\u00f5es - Iseum dos Limites da Lua<\/title>\n<meta name=\"robots\" content=\"index, follow, max-snippet:-1, max-image-preview:large, max-video-preview:-1\" \/>\n<link rel=\"canonical\" href=\"http:\/\/iseumdoslimitesdalua.com\/?page_id=99\" \/>\n<meta property=\"og:locale\" content=\"pt_PT\" \/>\n<meta property=\"og:type\" content=\"article\" \/>\n<meta property=\"og:title\" content=\"Guardi\u00f5es - Iseum dos Limites da Lua\" \/>\n<meta property=\"og:description\" content=\"O Iseum \u00e9 dedicado \u00e0s Deusas Nabia e Ataegina, mas Elas n\u00e3o s\u00e3o as \u00fanicas presen\u00e7as no mesmo. Como espa\u00e7o liminal, v\u00e1rios guardi\u00f5es protegem este espa\u00e7o e contribuem para ele. Estes guardi\u00f5es devem ser respeitados e reconhecidos.&nbsp; Erbina, a que guarda os Portais: Respeitamos Erbina Cantibidone, que, com Nabia, guarda os limites. Donzela Ninfa prateada [&hellip;]\" \/>\n<meta property=\"og:url\" content=\"http:\/\/iseumdoslimitesdalua.com\/?page_id=99\" \/>\n<meta property=\"og:site_name\" content=\"Iseum dos Limites da Lua\" \/>\n<meta property=\"article:modified_time\" content=\"2025-07-10T21:59:54+00:00\" \/>\n<meta name=\"twitter:card\" content=\"summary_large_image\" \/>\n<meta name=\"twitter:label1\" content=\"Tempo estimado de leitura\" \/>\n\t<meta name=\"twitter:data1\" content=\"2 minutos\" \/>\n<script type=\"application\/ld+json\" class=\"yoast-schema-graph\">{\"@context\":\"https:\/\/schema.org\",\"@graph\":[{\"@type\":\"WebPage\",\"@id\":\"http:\/\/iseumdoslimitesdalua.com\/?page_id=99\",\"url\":\"http:\/\/iseumdoslimitesdalua.com\/?page_id=99\",\"name\":\"Guardi\u00f5es - Iseum dos Limites da Lua\",\"isPartOf\":{\"@id\":\"http:\/\/iseumdoslimitesdalua.com\/#website\"},\"datePublished\":\"2025-07-10T21:59:53+00:00\",\"dateModified\":\"2025-07-10T21:59:54+00:00\",\"breadcrumb\":{\"@id\":\"http:\/\/iseumdoslimitesdalua.com\/?page_id=99#breadcrumb\"},\"inLanguage\":\"pt-PT\",\"potentialAction\":[{\"@type\":\"ReadAction\",\"target\":[\"http:\/\/iseumdoslimitesdalua.com\/?page_id=99\"]}]},{\"@type\":\"BreadcrumbList\",\"@id\":\"http:\/\/iseumdoslimitesdalua.com\/?page_id=99#breadcrumb\",\"itemListElement\":[{\"@type\":\"ListItem\",\"position\":1,\"name\":\"Home\",\"item\":\"http:\/\/iseumdoslimitesdalua.com\/\"},{\"@type\":\"ListItem\",\"position\":2,\"name\":\"Guardi\u00f5es\"}]},{\"@type\":\"WebSite\",\"@id\":\"http:\/\/iseumdoslimitesdalua.com\/#website\",\"url\":\"http:\/\/iseumdoslimitesdalua.com\/\",\"name\":\"Iseum Dos Limites Da Lua\",\"description\":\"\",\"publisher\":{\"@id\":\"http:\/\/iseumdoslimitesdalua.com\/#organization\"},\"potentialAction\":[{\"@type\":\"SearchAction\",\"target\":{\"@type\":\"EntryPoint\",\"urlTemplate\":\"http:\/\/iseumdoslimitesdalua.com\/?s={search_term_string}\"},\"query-input\":{\"@type\":\"PropertyValueSpecification\",\"valueRequired\":true,\"valueName\":\"search_term_string\"}}],\"inLanguage\":\"pt-PT\"},{\"@type\":\"Organization\",\"@id\":\"http:\/\/iseumdoslimitesdalua.com\/#organization\",\"name\":\"Iseum Dos Limites Da Lua\",\"url\":\"http:\/\/iseumdoslimitesdalua.com\/\",\"logo\":{\"@type\":\"ImageObject\",\"inLanguage\":\"pt-PT\",\"@id\":\"http:\/\/iseumdoslimitesdalua.com\/#\/schema\/logo\/image\/\",\"url\":\"https:\/\/iseumdoslimitesdalua.com\/wp-content\/uploads\/2025\/12\/Untitled-design-5.png\",\"contentUrl\":\"https:\/\/iseumdoslimitesdalua.com\/wp-content\/uploads\/2025\/12\/Untitled-design-5.png\",\"width\":500,\"height\":500,\"caption\":\"Iseum Dos Limites Da Lua\"},\"image\":{\"@id\":\"http:\/\/iseumdoslimitesdalua.com\/#\/schema\/logo\/image\/\"}}]}<\/script>\n<!-- \/ Yoast SEO plugin. -->","yoast_head_json":{"title":"Guardi\u00f5es - Iseum dos Limites da Lua","robots":{"index":"index","follow":"follow","max-snippet":"max-snippet:-1","max-image-preview":"max-image-preview:large","max-video-preview":"max-video-preview:-1"},"canonical":"http:\/\/iseumdoslimitesdalua.com\/?page_id=99","og_locale":"pt_PT","og_type":"article","og_title":"Guardi\u00f5es - Iseum dos Limites da Lua","og_description":"O Iseum \u00e9 dedicado \u00e0s Deusas Nabia e Ataegina, mas Elas n\u00e3o s\u00e3o as \u00fanicas presen\u00e7as no mesmo. Como espa\u00e7o liminal, v\u00e1rios guardi\u00f5es protegem este espa\u00e7o e contribuem para ele. Estes guardi\u00f5es devem ser respeitados e reconhecidos.&nbsp; Erbina, a que guarda os Portais: Respeitamos Erbina Cantibidone, que, com Nabia, guarda os limites. Donzela Ninfa prateada [&hellip;]","og_url":"http:\/\/iseumdoslimitesdalua.com\/?page_id=99","og_site_name":"Iseum dos Limites da Lua","article_modified_time":"2025-07-10T21:59:54+00:00","twitter_card":"summary_large_image","twitter_misc":{"Tempo estimado de leitura":"2 minutos"},"schema":{"@context":"https:\/\/schema.org","@graph":[{"@type":"WebPage","@id":"http:\/\/iseumdoslimitesdalua.com\/?page_id=99","url":"http:\/\/iseumdoslimitesdalua.com\/?page_id=99","name":"Guardi\u00f5es - Iseum dos Limites da Lua","isPartOf":{"@id":"http:\/\/iseumdoslimitesdalua.com\/#website"},"datePublished":"2025-07-10T21:59:53+00:00","dateModified":"2025-07-10T21:59:54+00:00","breadcrumb":{"@id":"http:\/\/iseumdoslimitesdalua.com\/?page_id=99#breadcrumb"},"inLanguage":"pt-PT","potentialAction":[{"@type":"ReadAction","target":["http:\/\/iseumdoslimitesdalua.com\/?page_id=99"]}]},{"@type":"BreadcrumbList","@id":"http:\/\/iseumdoslimitesdalua.com\/?page_id=99#breadcrumb","itemListElement":[{"@type":"ListItem","position":1,"name":"Home","item":"http:\/\/iseumdoslimitesdalua.com\/"},{"@type":"ListItem","position":2,"name":"Guardi\u00f5es"}]},{"@type":"WebSite","@id":"http:\/\/iseumdoslimitesdalua.com\/#website","url":"http:\/\/iseumdoslimitesdalua.com\/","name":"Iseum Dos Limites Da Lua","description":"","publisher":{"@id":"http:\/\/iseumdoslimitesdalua.com\/#organization"},"potentialAction":[{"@type":"SearchAction","target":{"@type":"EntryPoint","urlTemplate":"http:\/\/iseumdoslimitesdalua.com\/?s={search_term_string}"},"query-input":{"@type":"PropertyValueSpecification","valueRequired":true,"valueName":"search_term_string"}}],"inLanguage":"pt-PT"},{"@type":"Organization","@id":"http:\/\/iseumdoslimitesdalua.com\/#organization","name":"Iseum Dos Limites Da Lua","url":"http:\/\/iseumdoslimitesdalua.com\/","logo":{"@type":"ImageObject","inLanguage":"pt-PT","@id":"http:\/\/iseumdoslimitesdalua.com\/#\/schema\/logo\/image\/","url":"https:\/\/iseumdoslimitesdalua.com\/wp-content\/uploads\/2025\/12\/Untitled-design-5.png","contentUrl":"https:\/\/iseumdoslimitesdalua.com\/wp-content\/uploads\/2025\/12\/Untitled-design-5.png","width":500,"height":500,"caption":"Iseum Dos Limites Da Lua"},"image":{"@id":"http:\/\/iseumdoslimitesdalua.com\/#\/schema\/logo\/image\/"}}]}},"_links":{"self":[{"href":"https:\/\/iseumdoslimitesdalua.com\/index.php?rest_route=\/wp\/v2\/pages\/99","targetHints":{"allow":["GET"]}}],"collection":[{"href":"https:\/\/iseumdoslimitesdalua.com\/index.php?rest_route=\/wp\/v2\/pages"}],"about":[{"href":"https:\/\/iseumdoslimitesdalua.com\/index.php?rest_route=\/wp\/v2\/types\/page"}],"author":[{"embeddable":true,"href":"https:\/\/iseumdoslimitesdalua.com\/index.php?rest_route=\/wp\/v2\/users\/1"}],"replies":[{"embeddable":true,"href":"https:\/\/iseumdoslimitesdalua.com\/index.php?rest_route=%2Fwp%2Fv2%2Fcomments&post=99"}],"version-history":[{"count":2,"href":"https:\/\/iseumdoslimitesdalua.com\/index.php?rest_route=\/wp\/v2\/pages\/99\/revisions"}],"predecessor-version":[{"id":134,"href":"https:\/\/iseumdoslimitesdalua.com\/index.php?rest_route=\/wp\/v2\/pages\/99\/revisions\/134"}],"wp:attachment":[{"href":"https:\/\/iseumdoslimitesdalua.com\/index.php?rest_route=%2Fwp%2Fv2%2Fmedia&parent=99"}],"curies":[{"name":"wp","href":"https:\/\/api.w.org\/{rel}","templated":true}]}}