{"id":95,"date":"2025-07-10T16:39:41","date_gmt":"2025-07-10T16:39:41","guid":{"rendered":"https:\/\/iseumdoslimitesdalua.com\/?page_id=95"},"modified":"2025-07-10T16:39:43","modified_gmt":"2025-07-10T16:39:43","slug":"sobre-ataegina-i-l-l","status":"publish","type":"page","link":"https:\/\/iseumdoslimitesdalua.com\/?page_id=95","title":{"rendered":"Ataegina"},"content":{"rendered":"\n<p>A mais venerada das Deusas lusitanas, Ataegina \u00e9 Senhora do submundo e da primavera. Os vest\u00edgios do seu culto encontram-se principalmente em territ\u00f3rio Espanhol &#8211; Badajoz, C\u00e1ceres e Toledo &#8211; sendo o \u00fanico vest\u00edgio em territ\u00f3rio portugu\u00eas encontrado em Elvas. Grande parte dos seus vest\u00edgios s\u00e3o partilhados com a Deusa romana Proserpina, que sugere existir alguma semelhan\u00e7a entre estas Deusas, semelhan\u00e7a esta que nos revela como Ataegina seria venerada. O nome Ataegina significa \u201crenascida\u201d, o que nos prop\u00f5e um mito em que esta morre e volta \u00e0 vida sob outra forma &#8211; uma f\u00f3rmula mitol\u00f3gica muito utilizada para explicar as esta\u00e7\u00f5es do ano. Podemos olhar para esta Deusa como uma Donzela primaveril que morre, tornando-se Rainha do Submundo &#8211; com celebra\u00e7\u00f5es da sua descida e subida semelhantes a Proserpina e Persefone. Apesar de, \u00e0 superf\u00edcie, esta Deusa parecer apenas uma \u201cPersefone Lusitana\u201d, h\u00e1 muito escondido na sua vertente de Rainha do Submundo. \u00c9 de facto curioso que \u00e9 esta vertente que encontramos num culto pr\u00e9-romano, com as fun\u00e7\u00f5es primaveris a aparecerem apenas com a assimila\u00e7\u00e3o a Proserpina. A sua fun\u00e7\u00e3o principal ser\u00e1 ent\u00e3o de Rainha do Submundo, a primavera e fertilidade sendo algo secund\u00e1rio. N\u00e3o s\u00f3 uma Rainha, uma Castigadora &#8211; uma das formas de culto a esta Deusa envolvia as placas de maldi\u00e7\u00f5es, o que implica que esta Deusa \u00e9 que castiga as almas que viveram vidas menos solid\u00e1rias. A forma de culto principal a Ataegina s\u00e3o as cabritas de bronze, colocadas nos seus altares, sendo tamb\u00e9m o seu s\u00edmbolo principal.&nbsp;<\/p>\n\n\n\n<p>Os seus ep\u00edtetos fundamentam a vertente poderosa e misteriosa desta Rainha, que tamb\u00e9m associamos \u00e0 Lua pelo seu car\u00e1ter misterioso e m\u00e1gico como realeza ct\u00f3nica. Temos alguns mais gerais, como&nbsp;<em>Dea Sancta<\/em>, que a destaca como uma Deusa Sagrada, ou ainda&nbsp;<em>Domina<\/em>, para a respeitar como Rainha. Temos um local, que seria o principal s\u00edtio de culto na antiguidade,&nbsp;<em>Turobrigensi<\/em>, a de Turibriga. Ainda um que destaca a sua semelhan\u00e7a a&nbsp;<em>Proserpina<\/em>, que \u00e9 o mesmo nome, o que revela como estas Senhoras partilham facetas. Finalmente, alguns atribuem caracter\u00edsticas especificas, como&nbsp;<em>Servatrix<\/em>, guardi\u00e3 e protetora, ou&nbsp;<em>Invicta<\/em>, a invenc\u00edvel.<\/p>\n\n\n\n<p>Celebramos esta Senhora com a passagem das esta\u00e7\u00f5es.&nbsp;<\/p>\n\n\n\n<p>No Iseum dos Limites da Lua, celebramos esta Senhora como Rainha Liminal e da Magia da Lua.&nbsp;<\/p>\n\n\n\n<p>B\u00ean\u00e7\u00e3os de Ataegina Invicta!<\/p>\n","protected":false},"excerpt":{"rendered":"<p>A mais venerada das Deusas lusitanas, Ataegina \u00e9 Senhora do submundo e da primavera. Os vest\u00edgios do seu culto encontram-se principalmente em territ\u00f3rio Espanhol &#8211; Badajoz, C\u00e1ceres e Toledo &#8211; sendo o \u00fanico vest\u00edgio em territ\u00f3rio portugu\u00eas encontrado em Elvas. Grande parte dos seus vest\u00edgios s\u00e3o partilhados com a Deusa romana Proserpina, que sugere existir [&hellip;]<\/p>\n","protected":false},"author":1,"featured_media":36,"parent":0,"menu_order":0,"comment_status":"closed","ping_status":"closed","template":"","meta":{"footnotes":""},"class_list":["post-95","page","type-page","status-publish","has-post-thumbnail","hentry"],"yoast_head":"<!-- This site is optimized with the Yoast SEO plugin v25.6 - https:\/\/yoast.com\/wordpress\/plugins\/seo\/ -->\n<title>Ataegina - Iseum dos Limites da Lua<\/title>\n<meta name=\"robots\" content=\"index, follow, max-snippet:-1, max-image-preview:large, max-video-preview:-1\" \/>\n<link rel=\"canonical\" href=\"http:\/\/iseumdoslimitesdalua.com\/?page_id=95\" \/>\n<meta property=\"og:locale\" content=\"pt_PT\" \/>\n<meta property=\"og:type\" content=\"article\" \/>\n<meta property=\"og:title\" content=\"Ataegina - Iseum dos Limites da Lua\" \/>\n<meta property=\"og:description\" content=\"A mais venerada das Deusas lusitanas, Ataegina \u00e9 Senhora do submundo e da primavera. Os vest\u00edgios do seu culto encontram-se principalmente em territ\u00f3rio Espanhol &#8211; Badajoz, C\u00e1ceres e Toledo &#8211; sendo o \u00fanico vest\u00edgio em territ\u00f3rio portugu\u00eas encontrado em Elvas. Grande parte dos seus vest\u00edgios s\u00e3o partilhados com a Deusa romana Proserpina, que sugere existir [&hellip;]\" \/>\n<meta property=\"og:url\" content=\"http:\/\/iseumdoslimitesdalua.com\/?page_id=95\" \/>\n<meta property=\"og:site_name\" content=\"Iseum dos Limites da Lua\" \/>\n<meta property=\"article:modified_time\" content=\"2025-07-10T16:39:43+00:00\" \/>\n<meta property=\"og:image\" content=\"http:\/\/iseumdoslimitesdalua.com\/wp-content\/uploads\/2025\/07\/IMG_1953-724x1024.png\" \/>\n\t<meta property=\"og:image:width\" content=\"724\" \/>\n\t<meta property=\"og:image:height\" content=\"1024\" \/>\n\t<meta property=\"og:image:type\" content=\"image\/png\" \/>\n<meta name=\"twitter:card\" content=\"summary_large_image\" \/>\n<meta name=\"twitter:label1\" content=\"Tempo estimado de leitura\" \/>\n\t<meta name=\"twitter:data1\" content=\"2 minutos\" \/>\n<script type=\"application\/ld+json\" class=\"yoast-schema-graph\">{\"@context\":\"https:\/\/schema.org\",\"@graph\":[{\"@type\":\"WebPage\",\"@id\":\"http:\/\/iseumdoslimitesdalua.com\/?page_id=95\",\"url\":\"http:\/\/iseumdoslimitesdalua.com\/?page_id=95\",\"name\":\"Ataegina - Iseum dos Limites da Lua\",\"isPartOf\":{\"@id\":\"http:\/\/iseumdoslimitesdalua.com\/#website\"},\"primaryImageOfPage\":{\"@id\":\"http:\/\/iseumdoslimitesdalua.com\/?page_id=95#primaryimage\"},\"image\":{\"@id\":\"http:\/\/iseumdoslimitesdalua.com\/?page_id=95#primaryimage\"},\"thumbnailUrl\":\"https:\/\/iseumdoslimitesdalua.com\/wp-content\/uploads\/2025\/07\/IMG_1953-scaled.png\",\"datePublished\":\"2025-07-10T16:39:41+00:00\",\"dateModified\":\"2025-07-10T16:39:43+00:00\",\"breadcrumb\":{\"@id\":\"http:\/\/iseumdoslimitesdalua.com\/?page_id=95#breadcrumb\"},\"inLanguage\":\"pt-PT\",\"potentialAction\":[{\"@type\":\"ReadAction\",\"target\":[\"http:\/\/iseumdoslimitesdalua.com\/?page_id=95\"]}]},{\"@type\":\"ImageObject\",\"inLanguage\":\"pt-PT\",\"@id\":\"http:\/\/iseumdoslimitesdalua.com\/?page_id=95#primaryimage\",\"url\":\"https:\/\/iseumdoslimitesdalua.com\/wp-content\/uploads\/2025\/07\/IMG_1953-scaled.png\",\"contentUrl\":\"https:\/\/iseumdoslimitesdalua.com\/wp-content\/uploads\/2025\/07\/IMG_1953-scaled.png\",\"width\":1810,\"height\":2560},{\"@type\":\"BreadcrumbList\",\"@id\":\"http:\/\/iseumdoslimitesdalua.com\/?page_id=95#breadcrumb\",\"itemListElement\":[{\"@type\":\"ListItem\",\"position\":1,\"name\":\"Home\",\"item\":\"http:\/\/iseumdoslimitesdalua.com\/\"},{\"@type\":\"ListItem\",\"position\":2,\"name\":\"Ataegina\"}]},{\"@type\":\"WebSite\",\"@id\":\"http:\/\/iseumdoslimitesdalua.com\/#website\",\"url\":\"http:\/\/iseumdoslimitesdalua.com\/\",\"name\":\"Iseum Dos Limites Da Lua\",\"description\":\"\",\"publisher\":{\"@id\":\"http:\/\/iseumdoslimitesdalua.com\/#organization\"},\"potentialAction\":[{\"@type\":\"SearchAction\",\"target\":{\"@type\":\"EntryPoint\",\"urlTemplate\":\"http:\/\/iseumdoslimitesdalua.com\/?s={search_term_string}\"},\"query-input\":{\"@type\":\"PropertyValueSpecification\",\"valueRequired\":true,\"valueName\":\"search_term_string\"}}],\"inLanguage\":\"pt-PT\"},{\"@type\":\"Organization\",\"@id\":\"http:\/\/iseumdoslimitesdalua.com\/#organization\",\"name\":\"Iseum Dos Limites Da Lua\",\"url\":\"http:\/\/iseumdoslimitesdalua.com\/\",\"logo\":{\"@type\":\"ImageObject\",\"inLanguage\":\"pt-PT\",\"@id\":\"http:\/\/iseumdoslimitesdalua.com\/#\/schema\/logo\/image\/\",\"url\":\"https:\/\/iseumdoslimitesdalua.com\/wp-content\/uploads\/2025\/12\/Untitled-design-5.png\",\"contentUrl\":\"https:\/\/iseumdoslimitesdalua.com\/wp-content\/uploads\/2025\/12\/Untitled-design-5.png\",\"width\":500,\"height\":500,\"caption\":\"Iseum Dos Limites Da Lua\"},\"image\":{\"@id\":\"http:\/\/iseumdoslimitesdalua.com\/#\/schema\/logo\/image\/\"}}]}<\/script>\n<!-- \/ Yoast SEO plugin. -->","yoast_head_json":{"title":"Ataegina - Iseum dos Limites da Lua","robots":{"index":"index","follow":"follow","max-snippet":"max-snippet:-1","max-image-preview":"max-image-preview:large","max-video-preview":"max-video-preview:-1"},"canonical":"http:\/\/iseumdoslimitesdalua.com\/?page_id=95","og_locale":"pt_PT","og_type":"article","og_title":"Ataegina - Iseum dos Limites da Lua","og_description":"A mais venerada das Deusas lusitanas, Ataegina \u00e9 Senhora do submundo e da primavera. Os vest\u00edgios do seu culto encontram-se principalmente em territ\u00f3rio Espanhol &#8211; Badajoz, C\u00e1ceres e Toledo &#8211; sendo o \u00fanico vest\u00edgio em territ\u00f3rio portugu\u00eas encontrado em Elvas. Grande parte dos seus vest\u00edgios s\u00e3o partilhados com a Deusa romana Proserpina, que sugere existir [&hellip;]","og_url":"http:\/\/iseumdoslimitesdalua.com\/?page_id=95","og_site_name":"Iseum dos Limites da Lua","article_modified_time":"2025-07-10T16:39:43+00:00","og_image":[{"width":724,"height":1024,"url":"http:\/\/iseumdoslimitesdalua.com\/wp-content\/uploads\/2025\/07\/IMG_1953-724x1024.png","type":"image\/png"}],"twitter_card":"summary_large_image","twitter_misc":{"Tempo estimado de leitura":"2 minutos"},"schema":{"@context":"https:\/\/schema.org","@graph":[{"@type":"WebPage","@id":"http:\/\/iseumdoslimitesdalua.com\/?page_id=95","url":"http:\/\/iseumdoslimitesdalua.com\/?page_id=95","name":"Ataegina - Iseum dos Limites da Lua","isPartOf":{"@id":"http:\/\/iseumdoslimitesdalua.com\/#website"},"primaryImageOfPage":{"@id":"http:\/\/iseumdoslimitesdalua.com\/?page_id=95#primaryimage"},"image":{"@id":"http:\/\/iseumdoslimitesdalua.com\/?page_id=95#primaryimage"},"thumbnailUrl":"https:\/\/iseumdoslimitesdalua.com\/wp-content\/uploads\/2025\/07\/IMG_1953-scaled.png","datePublished":"2025-07-10T16:39:41+00:00","dateModified":"2025-07-10T16:39:43+00:00","breadcrumb":{"@id":"http:\/\/iseumdoslimitesdalua.com\/?page_id=95#breadcrumb"},"inLanguage":"pt-PT","potentialAction":[{"@type":"ReadAction","target":["http:\/\/iseumdoslimitesdalua.com\/?page_id=95"]}]},{"@type":"ImageObject","inLanguage":"pt-PT","@id":"http:\/\/iseumdoslimitesdalua.com\/?page_id=95#primaryimage","url":"https:\/\/iseumdoslimitesdalua.com\/wp-content\/uploads\/2025\/07\/IMG_1953-scaled.png","contentUrl":"https:\/\/iseumdoslimitesdalua.com\/wp-content\/uploads\/2025\/07\/IMG_1953-scaled.png","width":1810,"height":2560},{"@type":"BreadcrumbList","@id":"http:\/\/iseumdoslimitesdalua.com\/?page_id=95#breadcrumb","itemListElement":[{"@type":"ListItem","position":1,"name":"Home","item":"http:\/\/iseumdoslimitesdalua.com\/"},{"@type":"ListItem","position":2,"name":"Ataegina"}]},{"@type":"WebSite","@id":"http:\/\/iseumdoslimitesdalua.com\/#website","url":"http:\/\/iseumdoslimitesdalua.com\/","name":"Iseum Dos Limites Da Lua","description":"","publisher":{"@id":"http:\/\/iseumdoslimitesdalua.com\/#organization"},"potentialAction":[{"@type":"SearchAction","target":{"@type":"EntryPoint","urlTemplate":"http:\/\/iseumdoslimitesdalua.com\/?s={search_term_string}"},"query-input":{"@type":"PropertyValueSpecification","valueRequired":true,"valueName":"search_term_string"}}],"inLanguage":"pt-PT"},{"@type":"Organization","@id":"http:\/\/iseumdoslimitesdalua.com\/#organization","name":"Iseum Dos Limites Da Lua","url":"http:\/\/iseumdoslimitesdalua.com\/","logo":{"@type":"ImageObject","inLanguage":"pt-PT","@id":"http:\/\/iseumdoslimitesdalua.com\/#\/schema\/logo\/image\/","url":"https:\/\/iseumdoslimitesdalua.com\/wp-content\/uploads\/2025\/12\/Untitled-design-5.png","contentUrl":"https:\/\/iseumdoslimitesdalua.com\/wp-content\/uploads\/2025\/12\/Untitled-design-5.png","width":500,"height":500,"caption":"Iseum Dos Limites Da Lua"},"image":{"@id":"http:\/\/iseumdoslimitesdalua.com\/#\/schema\/logo\/image\/"}}]}},"_links":{"self":[{"href":"https:\/\/iseumdoslimitesdalua.com\/index.php?rest_route=\/wp\/v2\/pages\/95","targetHints":{"allow":["GET"]}}],"collection":[{"href":"https:\/\/iseumdoslimitesdalua.com\/index.php?rest_route=\/wp\/v2\/pages"}],"about":[{"href":"https:\/\/iseumdoslimitesdalua.com\/index.php?rest_route=\/wp\/v2\/types\/page"}],"author":[{"embeddable":true,"href":"https:\/\/iseumdoslimitesdalua.com\/index.php?rest_route=\/wp\/v2\/users\/1"}],"replies":[{"embeddable":true,"href":"https:\/\/iseumdoslimitesdalua.com\/index.php?rest_route=%2Fwp%2Fv2%2Fcomments&post=95"}],"version-history":[{"count":1,"href":"https:\/\/iseumdoslimitesdalua.com\/index.php?rest_route=\/wp\/v2\/pages\/95\/revisions"}],"predecessor-version":[{"id":96,"href":"https:\/\/iseumdoslimitesdalua.com\/index.php?rest_route=\/wp\/v2\/pages\/95\/revisions\/96"}],"wp:featuredmedia":[{"embeddable":true,"href":"https:\/\/iseumdoslimitesdalua.com\/index.php?rest_route=\/wp\/v2\/media\/36"}],"wp:attachment":[{"href":"https:\/\/iseumdoslimitesdalua.com\/index.php?rest_route=%2Fwp%2Fv2%2Fmedia&parent=95"}],"curies":[{"name":"wp","href":"https:\/\/api.w.org\/{rel}","templated":true}]}}