{"id":93,"date":"2025-07-10T16:37:25","date_gmt":"2025-07-10T16:37:25","guid":{"rendered":"https:\/\/iseumdoslimitesdalua.com\/?page_id=93"},"modified":"2025-07-10T16:40:09","modified_gmt":"2025-07-10T16:40:09","slug":"sobre-nabia-i-l-l","status":"publish","type":"page","link":"https:\/\/iseumdoslimitesdalua.com\/?page_id=93","title":{"rendered":"Nabia"},"content":{"rendered":"\n<p class=\"has-text-align-left\">Aceite pela maioria como rainha do pante\u00e3o lusitano, Nabia \u00e9 a Senhora das \u00c1guas. O seu culto seria mais forte no local que hoje chamamos de Braga, mas tamb\u00e9m tem algumas aras na Galiza e ao longo do Tejo.&nbsp;<br>As aras a Nabia s\u00e3o as mais descritivas, incluindo caracteriza\u00e7\u00f5es da Senhora e figuras, o que torna das Deusas mais reveladas do pante\u00e3o. Modernamente, \u00e9 considerada padroeira de Portugal pelos pag\u00e3os devotos a ela, por semelhan\u00e7as \u00e0 Santa Crist\u00e3 que tem o mesmo papel. Sabemos das figuras nas suas aras que teria como s\u00edmbolo a Lua, e seria uma mulher velada com um p\u00e1ssaro pr\u00f3ximo de si.&nbsp;<br>\u00c9 ainda a Deusa mais emparelhada com outros Deuses nas suas aras, o que faz o seu papel como M\u00e3e e Rainha ser muito prov\u00e1vel. No entanto, temos a sua descri\u00e7\u00e3o como \u201cexcelente virgem protetora e ninfa dos D\u00e1nigos\u201d, o que nos d\u00e1 as associa\u00e7\u00f5es virginais e aqu\u00e1ticas, tal como o seu nome significar \u201ccurso da \u00e1gua\u201d.&nbsp;Nabia \u00e9 mais assimilada a Juno pelas suas fun\u00e7\u00f5es de rainha, mas h\u00e1 quem encontre uma vertente primaveril e ct\u00f3nica nos seus ep\u00edtetos, o que a aproximaria de Proserpina. Tem ainda uma vertente protetora e talvez guerreira, o que aumenta a amplitude de fun\u00e7\u00f5es desta Deusa. O mais poss\u00edvel \u00e9 que fosse uma Senhora ambivalente e cujo dom\u00ednio fosse geral como Rainha, afetando ent\u00e3o todo o mundo \u00e0 sua volta, e n\u00e3o apenas a \u00e1gua. Conseguimos ver em Nabia um culto \u00e0 necessidade da \u00e1gua para todos os aspetos da vida, da\u00ed esta amplitude. Os seus muitos ep\u00edtetos tamb\u00e9m sugerem isto. Temos alguns gerais, como&nbsp;<em>Dea<\/em>&nbsp;ou&nbsp;<em>Corona<\/em>, simplesmente a reconhecer a sua posi\u00e7\u00e3o como Deusa e Rainha. Claro, n\u00e3o faltam os poss\u00edveis locais de culto antigos e misteriosos, como Arconunis, vindo de&nbsp;<em>Arconunieca<\/em>, Elaesis de&nbsp;<em>Elaesurraega<\/em>, ou Sesmaca de&nbsp;<em>Castellum Sesmaca<\/em>. Os que s\u00e3o mais relevantes \u00e0 nossa pr\u00e1tica s\u00e3o aqueles que apontam fun\u00e7\u00f5es especificas, como&nbsp;<em>Conservatorix<\/em>, que nos sugere uma vertente de guardi\u00e3, protetora, guerreira;&nbsp;<em>Cornigera<\/em>, a com cornos, uma vertente animal, talvez associada a magia e ao submundo;&nbsp;<em>Virgini<\/em>, que nos revela uma protetora de jovens e mulheres;&nbsp;<em>Nimphae<\/em>, a ninfa, que sugere uma rela\u00e7\u00e3o aos seres m\u00e1gicos; e&nbsp;<em>Cantibidone<\/em>, dos limites, que aponta para as suas fun\u00e7\u00f5es liminais;<br>\u00c9 a \u00fanica Deusa com uma data de celebra\u00e7\u00e3o: 9 de Abril.<\/p>\n\n\n\n<p>No Iseum dos Limites da Lua, adoramos Nabia como Rainha dos Limites e Senhora Lunar.&nbsp;<\/p>\n\n\n\n<p>B\u00ean\u00e7\u00e3os de Nabia Ninphae Cantibidone!<\/p>\n","protected":false},"excerpt":{"rendered":"<p>Aceite pela maioria como rainha do pante\u00e3o lusitano, Nabia \u00e9 a Senhora das \u00c1guas. O seu culto seria mais forte no local que hoje chamamos de Braga, mas tamb\u00e9m tem algumas aras na Galiza e ao longo do Tejo.&nbsp;As aras a Nabia s\u00e3o as mais descritivas, incluindo caracteriza\u00e7\u00f5es da Senhora e figuras, o que torna [&hellip;]<\/p>\n","protected":false},"author":1,"featured_media":34,"parent":0,"menu_order":0,"comment_status":"closed","ping_status":"closed","template":"","meta":{"footnotes":""},"class_list":["post-93","page","type-page","status-publish","has-post-thumbnail","hentry"],"yoast_head":"<!-- This site is optimized with the Yoast SEO plugin v25.6 - https:\/\/yoast.com\/wordpress\/plugins\/seo\/ -->\n<title>Nabia - Iseum dos Limites da Lua<\/title>\n<meta name=\"robots\" content=\"index, follow, max-snippet:-1, max-image-preview:large, max-video-preview:-1\" \/>\n<link rel=\"canonical\" href=\"http:\/\/iseumdoslimitesdalua.com\/?page_id=93\" \/>\n<meta property=\"og:locale\" content=\"pt_PT\" \/>\n<meta property=\"og:type\" content=\"article\" \/>\n<meta property=\"og:title\" content=\"Nabia - Iseum dos Limites da Lua\" \/>\n<meta property=\"og:description\" content=\"Aceite pela maioria como rainha do pante\u00e3o lusitano, Nabia \u00e9 a Senhora das \u00c1guas. O seu culto seria mais forte no local que hoje chamamos de Braga, mas tamb\u00e9m tem algumas aras na Galiza e ao longo do Tejo.&nbsp;As aras a Nabia s\u00e3o as mais descritivas, incluindo caracteriza\u00e7\u00f5es da Senhora e figuras, o que torna [&hellip;]\" \/>\n<meta property=\"og:url\" content=\"http:\/\/iseumdoslimitesdalua.com\/?page_id=93\" \/>\n<meta property=\"og:site_name\" content=\"Iseum dos Limites da Lua\" \/>\n<meta property=\"article:modified_time\" content=\"2025-07-10T16:40:09+00:00\" \/>\n<meta property=\"og:image\" content=\"http:\/\/iseumdoslimitesdalua.com\/wp-content\/uploads\/2025\/07\/IMG_2054-724x1024.png\" \/>\n\t<meta property=\"og:image:width\" content=\"724\" \/>\n\t<meta property=\"og:image:height\" content=\"1024\" \/>\n\t<meta property=\"og:image:type\" content=\"image\/png\" \/>\n<meta name=\"twitter:card\" content=\"summary_large_image\" \/>\n<meta name=\"twitter:label1\" content=\"Tempo estimado de leitura\" \/>\n\t<meta name=\"twitter:data1\" content=\"2 minutos\" \/>\n<script type=\"application\/ld+json\" class=\"yoast-schema-graph\">{\"@context\":\"https:\/\/schema.org\",\"@graph\":[{\"@type\":\"WebPage\",\"@id\":\"http:\/\/iseumdoslimitesdalua.com\/?page_id=93\",\"url\":\"http:\/\/iseumdoslimitesdalua.com\/?page_id=93\",\"name\":\"Nabia - Iseum dos Limites da Lua\",\"isPartOf\":{\"@id\":\"http:\/\/iseumdoslimitesdalua.com\/#website\"},\"primaryImageOfPage\":{\"@id\":\"http:\/\/iseumdoslimitesdalua.com\/?page_id=93#primaryimage\"},\"image\":{\"@id\":\"http:\/\/iseumdoslimitesdalua.com\/?page_id=93#primaryimage\"},\"thumbnailUrl\":\"https:\/\/iseumdoslimitesdalua.com\/wp-content\/uploads\/2025\/07\/IMG_2054-scaled.png\",\"datePublished\":\"2025-07-10T16:37:25+00:00\",\"dateModified\":\"2025-07-10T16:40:09+00:00\",\"breadcrumb\":{\"@id\":\"http:\/\/iseumdoslimitesdalua.com\/?page_id=93#breadcrumb\"},\"inLanguage\":\"pt-PT\",\"potentialAction\":[{\"@type\":\"ReadAction\",\"target\":[\"http:\/\/iseumdoslimitesdalua.com\/?page_id=93\"]}]},{\"@type\":\"ImageObject\",\"inLanguage\":\"pt-PT\",\"@id\":\"http:\/\/iseumdoslimitesdalua.com\/?page_id=93#primaryimage\",\"url\":\"https:\/\/iseumdoslimitesdalua.com\/wp-content\/uploads\/2025\/07\/IMG_2054-scaled.png\",\"contentUrl\":\"https:\/\/iseumdoslimitesdalua.com\/wp-content\/uploads\/2025\/07\/IMG_2054-scaled.png\",\"width\":1810,\"height\":2560},{\"@type\":\"BreadcrumbList\",\"@id\":\"http:\/\/iseumdoslimitesdalua.com\/?page_id=93#breadcrumb\",\"itemListElement\":[{\"@type\":\"ListItem\",\"position\":1,\"name\":\"Home\",\"item\":\"http:\/\/iseumdoslimitesdalua.com\/\"},{\"@type\":\"ListItem\",\"position\":2,\"name\":\"Nabia\"}]},{\"@type\":\"WebSite\",\"@id\":\"http:\/\/iseumdoslimitesdalua.com\/#website\",\"url\":\"http:\/\/iseumdoslimitesdalua.com\/\",\"name\":\"Iseum Dos Limites Da Lua\",\"description\":\"\",\"publisher\":{\"@id\":\"http:\/\/iseumdoslimitesdalua.com\/#organization\"},\"potentialAction\":[{\"@type\":\"SearchAction\",\"target\":{\"@type\":\"EntryPoint\",\"urlTemplate\":\"http:\/\/iseumdoslimitesdalua.com\/?s={search_term_string}\"},\"query-input\":{\"@type\":\"PropertyValueSpecification\",\"valueRequired\":true,\"valueName\":\"search_term_string\"}}],\"inLanguage\":\"pt-PT\"},{\"@type\":\"Organization\",\"@id\":\"http:\/\/iseumdoslimitesdalua.com\/#organization\",\"name\":\"Iseum Dos Limites Da Lua\",\"url\":\"http:\/\/iseumdoslimitesdalua.com\/\",\"logo\":{\"@type\":\"ImageObject\",\"inLanguage\":\"pt-PT\",\"@id\":\"http:\/\/iseumdoslimitesdalua.com\/#\/schema\/logo\/image\/\",\"url\":\"https:\/\/iseumdoslimitesdalua.com\/wp-content\/uploads\/2025\/12\/Untitled-design-5.png\",\"contentUrl\":\"https:\/\/iseumdoslimitesdalua.com\/wp-content\/uploads\/2025\/12\/Untitled-design-5.png\",\"width\":500,\"height\":500,\"caption\":\"Iseum Dos Limites Da Lua\"},\"image\":{\"@id\":\"http:\/\/iseumdoslimitesdalua.com\/#\/schema\/logo\/image\/\"}}]}<\/script>\n<!-- \/ Yoast SEO plugin. -->","yoast_head_json":{"title":"Nabia - Iseum dos Limites da Lua","robots":{"index":"index","follow":"follow","max-snippet":"max-snippet:-1","max-image-preview":"max-image-preview:large","max-video-preview":"max-video-preview:-1"},"canonical":"http:\/\/iseumdoslimitesdalua.com\/?page_id=93","og_locale":"pt_PT","og_type":"article","og_title":"Nabia - Iseum dos Limites da Lua","og_description":"Aceite pela maioria como rainha do pante\u00e3o lusitano, Nabia \u00e9 a Senhora das \u00c1guas. O seu culto seria mais forte no local que hoje chamamos de Braga, mas tamb\u00e9m tem algumas aras na Galiza e ao longo do Tejo.&nbsp;As aras a Nabia s\u00e3o as mais descritivas, incluindo caracteriza\u00e7\u00f5es da Senhora e figuras, o que torna [&hellip;]","og_url":"http:\/\/iseumdoslimitesdalua.com\/?page_id=93","og_site_name":"Iseum dos Limites da Lua","article_modified_time":"2025-07-10T16:40:09+00:00","og_image":[{"width":724,"height":1024,"url":"http:\/\/iseumdoslimitesdalua.com\/wp-content\/uploads\/2025\/07\/IMG_2054-724x1024.png","type":"image\/png"}],"twitter_card":"summary_large_image","twitter_misc":{"Tempo estimado de leitura":"2 minutos"},"schema":{"@context":"https:\/\/schema.org","@graph":[{"@type":"WebPage","@id":"http:\/\/iseumdoslimitesdalua.com\/?page_id=93","url":"http:\/\/iseumdoslimitesdalua.com\/?page_id=93","name":"Nabia - Iseum dos Limites da Lua","isPartOf":{"@id":"http:\/\/iseumdoslimitesdalua.com\/#website"},"primaryImageOfPage":{"@id":"http:\/\/iseumdoslimitesdalua.com\/?page_id=93#primaryimage"},"image":{"@id":"http:\/\/iseumdoslimitesdalua.com\/?page_id=93#primaryimage"},"thumbnailUrl":"https:\/\/iseumdoslimitesdalua.com\/wp-content\/uploads\/2025\/07\/IMG_2054-scaled.png","datePublished":"2025-07-10T16:37:25+00:00","dateModified":"2025-07-10T16:40:09+00:00","breadcrumb":{"@id":"http:\/\/iseumdoslimitesdalua.com\/?page_id=93#breadcrumb"},"inLanguage":"pt-PT","potentialAction":[{"@type":"ReadAction","target":["http:\/\/iseumdoslimitesdalua.com\/?page_id=93"]}]},{"@type":"ImageObject","inLanguage":"pt-PT","@id":"http:\/\/iseumdoslimitesdalua.com\/?page_id=93#primaryimage","url":"https:\/\/iseumdoslimitesdalua.com\/wp-content\/uploads\/2025\/07\/IMG_2054-scaled.png","contentUrl":"https:\/\/iseumdoslimitesdalua.com\/wp-content\/uploads\/2025\/07\/IMG_2054-scaled.png","width":1810,"height":2560},{"@type":"BreadcrumbList","@id":"http:\/\/iseumdoslimitesdalua.com\/?page_id=93#breadcrumb","itemListElement":[{"@type":"ListItem","position":1,"name":"Home","item":"http:\/\/iseumdoslimitesdalua.com\/"},{"@type":"ListItem","position":2,"name":"Nabia"}]},{"@type":"WebSite","@id":"http:\/\/iseumdoslimitesdalua.com\/#website","url":"http:\/\/iseumdoslimitesdalua.com\/","name":"Iseum Dos Limites Da Lua","description":"","publisher":{"@id":"http:\/\/iseumdoslimitesdalua.com\/#organization"},"potentialAction":[{"@type":"SearchAction","target":{"@type":"EntryPoint","urlTemplate":"http:\/\/iseumdoslimitesdalua.com\/?s={search_term_string}"},"query-input":{"@type":"PropertyValueSpecification","valueRequired":true,"valueName":"search_term_string"}}],"inLanguage":"pt-PT"},{"@type":"Organization","@id":"http:\/\/iseumdoslimitesdalua.com\/#organization","name":"Iseum Dos Limites Da Lua","url":"http:\/\/iseumdoslimitesdalua.com\/","logo":{"@type":"ImageObject","inLanguage":"pt-PT","@id":"http:\/\/iseumdoslimitesdalua.com\/#\/schema\/logo\/image\/","url":"https:\/\/iseumdoslimitesdalua.com\/wp-content\/uploads\/2025\/12\/Untitled-design-5.png","contentUrl":"https:\/\/iseumdoslimitesdalua.com\/wp-content\/uploads\/2025\/12\/Untitled-design-5.png","width":500,"height":500,"caption":"Iseum Dos Limites Da Lua"},"image":{"@id":"http:\/\/iseumdoslimitesdalua.com\/#\/schema\/logo\/image\/"}}]}},"_links":{"self":[{"href":"https:\/\/iseumdoslimitesdalua.com\/index.php?rest_route=\/wp\/v2\/pages\/93","targetHints":{"allow":["GET"]}}],"collection":[{"href":"https:\/\/iseumdoslimitesdalua.com\/index.php?rest_route=\/wp\/v2\/pages"}],"about":[{"href":"https:\/\/iseumdoslimitesdalua.com\/index.php?rest_route=\/wp\/v2\/types\/page"}],"author":[{"embeddable":true,"href":"https:\/\/iseumdoslimitesdalua.com\/index.php?rest_route=\/wp\/v2\/users\/1"}],"replies":[{"embeddable":true,"href":"https:\/\/iseumdoslimitesdalua.com\/index.php?rest_route=%2Fwp%2Fv2%2Fcomments&post=93"}],"version-history":[{"count":1,"href":"https:\/\/iseumdoslimitesdalua.com\/index.php?rest_route=\/wp\/v2\/pages\/93\/revisions"}],"predecessor-version":[{"id":94,"href":"https:\/\/iseumdoslimitesdalua.com\/index.php?rest_route=\/wp\/v2\/pages\/93\/revisions\/94"}],"wp:featuredmedia":[{"embeddable":true,"href":"https:\/\/iseumdoslimitesdalua.com\/index.php?rest_route=\/wp\/v2\/media\/34"}],"wp:attachment":[{"href":"https:\/\/iseumdoslimitesdalua.com\/index.php?rest_route=%2Fwp%2Fv2%2Fmedia&parent=93"}],"curies":[{"name":"wp","href":"https:\/\/api.w.org\/{rel}","templated":true}]}}