{"id":78,"date":"2025-07-10T15:58:31","date_gmt":"2025-07-10T15:58:31","guid":{"rendered":"https:\/\/iseumdoslimitesdalua.com\/?page_id=78"},"modified":"2025-07-10T16:35:52","modified_gmt":"2025-07-10T16:35:52","slug":"celebracoes-iseum-dos-limites-da-lua","status":"publish","type":"page","link":"https:\/\/iseumdoslimitesdalua.com\/?page_id=78","title":{"rendered":"Celebra\u00e7\u00f5es"},"content":{"rendered":"\n<div class=\"wp-block-columns is-layout-flex wp-container-core-columns-is-layout-28f84493 wp-block-columns-is-layout-flex\">\n<div class=\"wp-block-column is-layout-flow wp-block-column-is-layout-flow\" style=\"flex-basis:100%\">\n<div class=\"wp-block-columns is-layout-flex wp-container-core-columns-is-layout-28f84493 wp-block-columns-is-layout-flex\">\n<div class=\"wp-block-column is-layout-flow wp-block-column-is-layout-flow\" style=\"flex-basis:100%\">\n<figure class=\"wp-block-table is-style-regular\" style=\"margin-top:var(--wp--preset--spacing--10);margin-right:0;margin-bottom:var(--wp--preset--spacing--10);margin-left:0;padding-top:0;padding-right:0;padding-bottom:0;padding-left:0\"><table class=\"has-custom-color-2-color has-custom-color-1-background-color has-text-color has-background has-link-color has-fixed-layout\" style=\"border-style:solid;border-width:3px\"><thead><tr><th class=\"has-text-align-center\" data-align=\"center\"><strong>Nome<\/strong><\/th><th class=\"has-text-align-center\" data-align=\"center\"><strong>Data<\/strong><\/th><th class=\"has-text-align-left\" data-align=\"left\">Tema<\/th><\/tr><\/thead><tbody><tr><td class=\"has-text-align-center\" data-align=\"center\">A Morte de Ataegina<\/td><td class=\"has-text-align-center\" data-align=\"center\">Equin\u00f3cio de Outono<\/td><td class=\"has-text-align-left\" data-align=\"left\">O ano do Iseum come\u00e7a com o honrar de Ataegina e o in\u00edcio da sua jornada ao Submundo, com a sua morte. Nesta data, vestimos castanho como as folhas que come\u00e7am a morrer para se juntar \u00e0 sua Senhora, e temos um momento de dedica\u00e7\u00e3o de arte em sua honra &#8211; s\u00e3o feitas as Tr\u00eas Ataeginas, estatuetas anuais para representar a tr\u00eas fases da Deusa &#8211; Donzela, Morta e Rainha. S\u00e3o colocadas no altar ou no espa\u00e7o central da casa para ajudar a Senhora no seu caminho. Velas devem ser acesas para iluminar o seu caminho.\u00a0<\/td><\/tr><tr><td class=\"has-text-align-center\" data-align=\"center\">A Noite Liminal<\/td><td class=\"has-text-align-center\" data-align=\"center\">31 de Outubro<\/td><td class=\"has-text-align-left\" data-align=\"left\">Nesta noite o v\u00e9u \u00e9 mais fino, e os seres m\u00e1gicos est\u00e3o mais ativos do que nunca &#8211; e muito provavelmente, com m\u00e1s inten\u00e7\u00f5es. Vestimos roxo e velamos para nos proteger. No entanto, no Iseum vigiamos os Limites, e \u00e9 nossa fun\u00e7\u00e3o comunicar com estes Seres e identific\u00e1-los, direcionando-os para acompanhar Ataegina na sua descida se forem Almas Penadas. Amoras s\u00e3o deixadas \u00e0 porta para distrair seres fe\u00e9ricos mal-intencionados. Invocamos Nabia e a sua filha Erbina, Senhoras dos Limites, levarem de volta para o Outro Mundo quem n\u00e3o pertence &#8211; podendo pedir \u00e0 Rainha dos Deuses, Senhora dos Ancestrais, que nos deixe ver algu\u00e9m que j\u00e1 tenha partido e comunicar com essa pessoa neste dia.\u00a0<\/td><\/tr><tr><td class=\"has-text-align-center\" data-align=\"center\">Tomada do Trono<\/td><td class=\"has-text-align-center\" data-align=\"center\">Solst\u00edcio de Inverno<\/td><td class=\"has-text-align-left\" data-align=\"left\">Neste dia de celebra\u00e7\u00e3o, Ataegina resiste \u00e0 morte e transiciona para o seu papel de Rainha, tomando o seu devido Trono no Outro Mundo. Neste dia, decoramos uma poltrona, cadeira ou almofada especialmente para a Senhora, e mantemo-la vazia at\u00e9 o calor e a vida voltarem ao nosso mundo. Vestimos vermelho, como o sangue e a confian\u00e7a. Partilhamos uma refei\u00e7\u00e3o com os que amamos, com os Seres do Lar, e com as Senhoras &#8211; preferencialmente um prato com cabra. Rezamos \u00e0 Rainha do Submundo por um Inverno bondoso para n\u00f3s e todos os que amamos.\u00a0<\/td><\/tr><tr><td class=\"has-text-align-center\" data-align=\"center\">Dan\u00e7a dos Duendes<\/td><td class=\"has-text-align-center\" data-align=\"center\">Carnaval<\/td><td class=\"has-text-align-left\" data-align=\"left\">Esta celebra\u00e7\u00e3o \u00e9 feita nos \u00faltimos tr\u00eas dias de Fevereiro. Do dia 26 a 28 (ou 27 a 29 em ano bissexto), os esp\u00edritos traquinas como Duendes, Maruxinhos, Trasgos, Fradinhos, Diabretes e Janas est\u00e3o em festa, e a sua atividade favorita \u00e9 brincar com a nossa disposi\u00e7\u00e3o. Podemos mascarar-nos, e vestir roupa que nos divirta. Devemos brincar em conjuntos com eles, tocar sinos, dan\u00e7ar, juntar amigues para jogos, fazer piadas &#8211; tudo na boa vontade e sem incomodar, para assim mostrarmos a estes seres os limites da brincadeira e n\u00e3o sermos alvos de partidas de mau-gosto.<\/td><\/tr><tr><td class=\"has-text-align-center\" data-align=\"center\">Retorno da Vista<\/td><td class=\"has-text-align-center\" data-align=\"center\">Equin\u00f3cio de Primavera<\/td><td class=\"has-text-align-left\" data-align=\"left\">Celebramos a subida de Ataegina e todas as transi\u00e7\u00f5es na nossa vida &#8211; vemos na luta que Ataegina sobreviveu e na sua felicidade primaveril a esperan\u00e7a das novas fases do Eu. Vestimos cor de rosa, azul beb\u00e9 ou branco, cores cheias de vida e mudan\u00e7a. Sa\u00edmos \u00e0 rua e apreciamos o tempo que ela traz com ela, e juntamo-nos para contar hist\u00f3rias de uni\u00e3o, auto-descoberta, transi\u00e7\u00e3o e alegria. Reconhecemos o simbolismo da primavera como a felicidade depois do medo. Preparamos comes e bebes com as primeiras plantas da esta\u00e7\u00e3o para partilhar, e fazemos arte dedicada \u00e0s Senhoras &#8211; ambas alegres pelo retorno da vida. Se chover, \u00e9 dia aben\u00e7oado, e a \u00e1gua pode ser recolhida para purifica\u00e7\u00e3o. Fazemos uma figura de cabra para oferecer \u00e0 Senhora e a receber quando chegar a este mundo.\u00a0<\/td><\/tr><tr><td class=\"has-text-align-center\" data-align=\"center\">Nabialia<\/td><td class=\"has-text-align-center\" data-align=\"center\">9 de Abril<\/td><td class=\"has-text-align-left\" data-align=\"left\">Este \u00e9 o dia sagrado de Nabia. Neste dia, os antigos sacrificaram uma vaca em seu nome, bicho cujos chifres se assemelham \u00e0 lua. Em seu respeito, n\u00e3o comemos a carne ou produtos derivados desse ser &#8211; ou fazemos um sacrif\u00edcio de semelhante import\u00e2ncia se esse n\u00e3o for ato dificil. Fazemos uma figura de vaca para oferecer \u00e0 senhora, em conjunto com um p\u00e1ssaro que deve ser colocado \u00e0 porta de casa para prote\u00e7\u00e3o. \u00c0gua de uma fonte pr\u00f3xima (pode ser uma nascente, fonte f\u00edsica, rio, lago, ou mar) \u00e9 oferecida e mantida no altar at\u00e9 secar. Se a Senhora assim quiser, um mergulho purificador decorre na praia, rio ou lago mais pr\u00f3ximo e seguro. Honramos tamb\u00e9m as suas filhas liminais e comunicamos com elas, ouvindo os seus males e necessidades.\u00a0<\/td><\/tr><tr><td class=\"has-text-align-center\" data-align=\"center\">Maios<\/td><td class=\"has-text-align-center\" data-align=\"center\">1 de Maio<\/td><td class=\"has-text-align-left\" data-align=\"left\">Flores s\u00e3o apanhadas pela madrugada, preferencialmente amarelas &#8211; Giestas &#8211; e colocadas na entrada da casa formando um corredor. Outras flores decoram o espa\u00e7o. Vestimos amarelo e grinaldas. O corredor guia As Senhoras e os Seres M\u00e1gicos para aben\u00e7oarem o nosso espa\u00e7o, e tocamos o sino para as invocar. Incenso enche o espa\u00e7o e celebra-se com m\u00fasica e vinho oferecidos aos Convidados.\u00a0<\/td><\/tr><tr><td class=\"has-text-align-center\" data-align=\"center\">Festas da Uni\u00e3o<\/td><td class=\"has-text-align-center\" data-align=\"center\">Junho<\/td><td class=\"has-text-align-left\" data-align=\"left\">Durante o m\u00eas inteiro celebramos a uni\u00e3o e o orgulho. Celebramos com festas, sejam estas mais animadas ou apenas encontros calmos, apreciamos a felicidade e exist\u00eancia plena de cada um \u00e0 nossa volta. Vestimos vermelho, pelas lutas passadas e pela confian\u00e7a que tivemos de obter num mundo que n\u00e3o a d\u00e1. H\u00e1 um foco na felicidade e uni\u00e3o queer. \u00c9 o momento ideal para rituais de auto-descoberta e partilha de experi\u00eancias. Poder\u00e1 terminar com um encontro \u00e0 volta de uma fogueira, contando hist\u00f3rias e lembrando o passado, que levamos sempre connosco &#8211; mas, ao mesmo tempo, do qual nos limpamos para abrir espa\u00e7o para o futuro.\u00a0<\/td><\/tr><tr><td class=\"has-text-align-center\" data-align=\"center\">Mist\u00e9rios Velados<\/td><td class=\"has-text-align-center\" data-align=\"center\">1 de Agosto<\/td><td class=\"has-text-align-left\" data-align=\"left\">Neste dia, limpamo-nos de tudo o que trazemos do ano que passou, e abrimos a nossa mente aos mist\u00e9rios que as Senhoras e os Seres M\u00e1gicos t\u00eam para n\u00f3s. Juntamo-nos numa praia, com roupas e v\u00e9us leves, decorados de conchas. Sentamo-nos nos limites, entre a terra e a \u00e1gua, e refletimos. Trazemos arte para oferecer, e deixamo-nos ficar at\u00e9 ao por do sol. Se as condi\u00e7\u00f5es forem ideais, terminamos com um mergulho nas ondas para nos limpar e trazer um \u00faltimo mist\u00e9rio.\u00a0<br><\/td><\/tr><\/tbody><\/table><\/figure>\n<\/div>\n<\/div>\n<\/div>\n<\/div>\n","protected":false},"excerpt":{"rendered":"<p>Nome Data Tema A Morte de Ataegina Equin\u00f3cio de Outono O ano do Iseum come\u00e7a com o honrar de Ataegina e o in\u00edcio da sua jornada ao Submundo, com a sua morte. Nesta data, vestimos castanho como as folhas que come\u00e7am a morrer para se juntar \u00e0 sua Senhora, e temos um momento de dedica\u00e7\u00e3o [&hellip;]<\/p>\n","protected":false},"author":1,"featured_media":0,"parent":0,"menu_order":0,"comment_status":"closed","ping_status":"closed","template":"","meta":{"footnotes":""},"class_list":["post-78","page","type-page","status-publish","hentry"],"yoast_head":"<!-- This site is optimized with the Yoast SEO plugin v25.6 - https:\/\/yoast.com\/wordpress\/plugins\/seo\/ -->\n<title>Celebra\u00e7\u00f5es - Iseum dos Limites da Lua<\/title>\n<meta name=\"description\" content=\"Um calend\u00e1rio de celebra\u00e7\u00f5es do Iseum\" \/>\n<meta name=\"robots\" content=\"index, follow, max-snippet:-1, max-image-preview:large, max-video-preview:-1\" \/>\n<link rel=\"canonical\" href=\"http:\/\/iseumdoslimitesdalua.com\/?page_id=78\" \/>\n<meta property=\"og:locale\" content=\"pt_PT\" \/>\n<meta property=\"og:type\" content=\"article\" \/>\n<meta property=\"og:title\" content=\"Celebra\u00e7\u00f5es - Iseum dos Limites da Lua\" \/>\n<meta property=\"og:description\" content=\"Um calend\u00e1rio de celebra\u00e7\u00f5es do Iseum\" \/>\n<meta property=\"og:url\" content=\"http:\/\/iseumdoslimitesdalua.com\/?page_id=78\" \/>\n<meta property=\"og:site_name\" content=\"Iseum dos Limites da Lua\" \/>\n<meta property=\"article:modified_time\" content=\"2025-07-10T16:35:52+00:00\" \/>\n<meta name=\"twitter:card\" content=\"summary_large_image\" \/>\n<meta name=\"twitter:label1\" content=\"Tempo estimado de leitura\" \/>\n\t<meta name=\"twitter:data1\" content=\"5 minutos\" \/>\n<script type=\"application\/ld+json\" class=\"yoast-schema-graph\">{\"@context\":\"https:\/\/schema.org\",\"@graph\":[{\"@type\":\"WebPage\",\"@id\":\"http:\/\/iseumdoslimitesdalua.com\/?page_id=78\",\"url\":\"http:\/\/iseumdoslimitesdalua.com\/?page_id=78\",\"name\":\"Celebra\u00e7\u00f5es - Iseum dos Limites da Lua\",\"isPartOf\":{\"@id\":\"http:\/\/iseumdoslimitesdalua.com\/#website\"},\"datePublished\":\"2025-07-10T15:58:31+00:00\",\"dateModified\":\"2025-07-10T16:35:52+00:00\",\"description\":\"Um calend\u00e1rio de celebra\u00e7\u00f5es do Iseum\",\"breadcrumb\":{\"@id\":\"http:\/\/iseumdoslimitesdalua.com\/?page_id=78#breadcrumb\"},\"inLanguage\":\"pt-PT\",\"potentialAction\":[{\"@type\":\"ReadAction\",\"target\":[\"http:\/\/iseumdoslimitesdalua.com\/?page_id=78\"]}]},{\"@type\":\"BreadcrumbList\",\"@id\":\"http:\/\/iseumdoslimitesdalua.com\/?page_id=78#breadcrumb\",\"itemListElement\":[{\"@type\":\"ListItem\",\"position\":1,\"name\":\"Home\",\"item\":\"http:\/\/iseumdoslimitesdalua.com\/\"},{\"@type\":\"ListItem\",\"position\":2,\"name\":\"Celebra\u00e7\u00f5es\"}]},{\"@type\":\"WebSite\",\"@id\":\"http:\/\/iseumdoslimitesdalua.com\/#website\",\"url\":\"http:\/\/iseumdoslimitesdalua.com\/\",\"name\":\"Iseum Dos Limites Da Lua\",\"description\":\"\",\"publisher\":{\"@id\":\"http:\/\/iseumdoslimitesdalua.com\/#organization\"},\"potentialAction\":[{\"@type\":\"SearchAction\",\"target\":{\"@type\":\"EntryPoint\",\"urlTemplate\":\"http:\/\/iseumdoslimitesdalua.com\/?s={search_term_string}\"},\"query-input\":{\"@type\":\"PropertyValueSpecification\",\"valueRequired\":true,\"valueName\":\"search_term_string\"}}],\"inLanguage\":\"pt-PT\"},{\"@type\":\"Organization\",\"@id\":\"http:\/\/iseumdoslimitesdalua.com\/#organization\",\"name\":\"Iseum Dos Limites Da Lua\",\"url\":\"http:\/\/iseumdoslimitesdalua.com\/\",\"logo\":{\"@type\":\"ImageObject\",\"inLanguage\":\"pt-PT\",\"@id\":\"http:\/\/iseumdoslimitesdalua.com\/#\/schema\/logo\/image\/\",\"url\":\"https:\/\/iseumdoslimitesdalua.com\/wp-content\/uploads\/2025\/12\/Untitled-design-5.png\",\"contentUrl\":\"https:\/\/iseumdoslimitesdalua.com\/wp-content\/uploads\/2025\/12\/Untitled-design-5.png\",\"width\":500,\"height\":500,\"caption\":\"Iseum Dos Limites Da Lua\"},\"image\":{\"@id\":\"http:\/\/iseumdoslimitesdalua.com\/#\/schema\/logo\/image\/\"}}]}<\/script>\n<!-- \/ Yoast SEO plugin. -->","yoast_head_json":{"title":"Celebra\u00e7\u00f5es - Iseum dos Limites da Lua","description":"Um calend\u00e1rio de celebra\u00e7\u00f5es do Iseum","robots":{"index":"index","follow":"follow","max-snippet":"max-snippet:-1","max-image-preview":"max-image-preview:large","max-video-preview":"max-video-preview:-1"},"canonical":"http:\/\/iseumdoslimitesdalua.com\/?page_id=78","og_locale":"pt_PT","og_type":"article","og_title":"Celebra\u00e7\u00f5es - Iseum dos Limites da Lua","og_description":"Um calend\u00e1rio de celebra\u00e7\u00f5es do Iseum","og_url":"http:\/\/iseumdoslimitesdalua.com\/?page_id=78","og_site_name":"Iseum dos Limites da Lua","article_modified_time":"2025-07-10T16:35:52+00:00","twitter_card":"summary_large_image","twitter_misc":{"Tempo estimado de leitura":"5 minutos"},"schema":{"@context":"https:\/\/schema.org","@graph":[{"@type":"WebPage","@id":"http:\/\/iseumdoslimitesdalua.com\/?page_id=78","url":"http:\/\/iseumdoslimitesdalua.com\/?page_id=78","name":"Celebra\u00e7\u00f5es - Iseum dos Limites da Lua","isPartOf":{"@id":"http:\/\/iseumdoslimitesdalua.com\/#website"},"datePublished":"2025-07-10T15:58:31+00:00","dateModified":"2025-07-10T16:35:52+00:00","description":"Um calend\u00e1rio de celebra\u00e7\u00f5es do Iseum","breadcrumb":{"@id":"http:\/\/iseumdoslimitesdalua.com\/?page_id=78#breadcrumb"},"inLanguage":"pt-PT","potentialAction":[{"@type":"ReadAction","target":["http:\/\/iseumdoslimitesdalua.com\/?page_id=78"]}]},{"@type":"BreadcrumbList","@id":"http:\/\/iseumdoslimitesdalua.com\/?page_id=78#breadcrumb","itemListElement":[{"@type":"ListItem","position":1,"name":"Home","item":"http:\/\/iseumdoslimitesdalua.com\/"},{"@type":"ListItem","position":2,"name":"Celebra\u00e7\u00f5es"}]},{"@type":"WebSite","@id":"http:\/\/iseumdoslimitesdalua.com\/#website","url":"http:\/\/iseumdoslimitesdalua.com\/","name":"Iseum Dos Limites Da Lua","description":"","publisher":{"@id":"http:\/\/iseumdoslimitesdalua.com\/#organization"},"potentialAction":[{"@type":"SearchAction","target":{"@type":"EntryPoint","urlTemplate":"http:\/\/iseumdoslimitesdalua.com\/?s={search_term_string}"},"query-input":{"@type":"PropertyValueSpecification","valueRequired":true,"valueName":"search_term_string"}}],"inLanguage":"pt-PT"},{"@type":"Organization","@id":"http:\/\/iseumdoslimitesdalua.com\/#organization","name":"Iseum Dos Limites Da Lua","url":"http:\/\/iseumdoslimitesdalua.com\/","logo":{"@type":"ImageObject","inLanguage":"pt-PT","@id":"http:\/\/iseumdoslimitesdalua.com\/#\/schema\/logo\/image\/","url":"https:\/\/iseumdoslimitesdalua.com\/wp-content\/uploads\/2025\/12\/Untitled-design-5.png","contentUrl":"https:\/\/iseumdoslimitesdalua.com\/wp-content\/uploads\/2025\/12\/Untitled-design-5.png","width":500,"height":500,"caption":"Iseum Dos Limites Da Lua"},"image":{"@id":"http:\/\/iseumdoslimitesdalua.com\/#\/schema\/logo\/image\/"}}]}},"_links":{"self":[{"href":"https:\/\/iseumdoslimitesdalua.com\/index.php?rest_route=\/wp\/v2\/pages\/78","targetHints":{"allow":["GET"]}}],"collection":[{"href":"https:\/\/iseumdoslimitesdalua.com\/index.php?rest_route=\/wp\/v2\/pages"}],"about":[{"href":"https:\/\/iseumdoslimitesdalua.com\/index.php?rest_route=\/wp\/v2\/types\/page"}],"author":[{"embeddable":true,"href":"https:\/\/iseumdoslimitesdalua.com\/index.php?rest_route=\/wp\/v2\/users\/1"}],"replies":[{"embeddable":true,"href":"https:\/\/iseumdoslimitesdalua.com\/index.php?rest_route=%2Fwp%2Fv2%2Fcomments&post=78"}],"version-history":[{"count":1,"href":"https:\/\/iseumdoslimitesdalua.com\/index.php?rest_route=\/wp\/v2\/pages\/78\/revisions"}],"predecessor-version":[{"id":79,"href":"https:\/\/iseumdoslimitesdalua.com\/index.php?rest_route=\/wp\/v2\/pages\/78\/revisions\/79"}],"wp:attachment":[{"href":"https:\/\/iseumdoslimitesdalua.com\/index.php?rest_route=%2Fwp%2Fv2%2Fmedia&parent=78"}],"curies":[{"name":"wp","href":"https:\/\/api.w.org\/{rel}","templated":true}]}}