{"id":46,"date":"2025-07-06T21:23:02","date_gmt":"2025-07-06T21:23:02","guid":{"rendered":"https:\/\/iseumdoslimitesdalua.com\/?page_id=46"},"modified":"2025-07-06T21:23:02","modified_gmt":"2025-07-06T21:23:02","slug":"fundadore","status":"publish","type":"page","link":"https:\/\/iseumdoslimitesdalua.com\/?page_id=46","title":{"rendered":"Fundadore"},"content":{"rendered":"\n<figure class=\"wp-block-gallery has-nested-images columns-default is-cropped wp-block-gallery-2 is-layout-flex wp-block-gallery-is-layout-flex\">\n<figure class=\"wp-block-image size-large is-style-rounded is-style-rounded--1\"><img loading=\"lazy\" decoding=\"async\" width=\"768\" height=\"1024\" data-id=\"48\" src=\"https:\/\/iseumdoslimitesdalua.com\/wp-content\/uploads\/2025\/07\/IMG_9992-768x1024.jpeg\" alt=\"\" class=\"wp-image-48\" srcset=\"https:\/\/iseumdoslimitesdalua.com\/wp-content\/uploads\/2025\/07\/IMG_9992-768x1024.jpeg 768w, https:\/\/iseumdoslimitesdalua.com\/wp-content\/uploads\/2025\/07\/IMG_9992-225x300.jpeg 225w, https:\/\/iseumdoslimitesdalua.com\/wp-content\/uploads\/2025\/07\/IMG_9992-1152x1536.jpeg 1152w, https:\/\/iseumdoslimitesdalua.com\/wp-content\/uploads\/2025\/07\/IMG_9992-1536x2048.jpeg 1536w, https:\/\/iseumdoslimitesdalua.com\/wp-content\/uploads\/2025\/07\/IMG_9992-9x12.jpeg 9w, https:\/\/iseumdoslimitesdalua.com\/wp-content\/uploads\/2025\/07\/IMG_9992-scaled.jpeg 1920w\" sizes=\"auto, (max-width: 768px) 100vw, 768px\" \/><\/figure>\n\n\n\n<figure class=\"wp-block-image size-large\"><img loading=\"lazy\" decoding=\"async\" width=\"768\" height=\"1024\" data-id=\"49\" src=\"https:\/\/iseumdoslimitesdalua.com\/wp-content\/uploads\/2025\/07\/IMG_9993-768x1024.jpeg\" alt=\"\" class=\"wp-image-49\" srcset=\"https:\/\/iseumdoslimitesdalua.com\/wp-content\/uploads\/2025\/07\/IMG_9993-768x1024.jpeg 768w, https:\/\/iseumdoslimitesdalua.com\/wp-content\/uploads\/2025\/07\/IMG_9993-225x300.jpeg 225w, https:\/\/iseumdoslimitesdalua.com\/wp-content\/uploads\/2025\/07\/IMG_9993-1152x1536.jpeg 1152w, https:\/\/iseumdoslimitesdalua.com\/wp-content\/uploads\/2025\/07\/IMG_9993-1536x2048.jpeg 1536w, https:\/\/iseumdoslimitesdalua.com\/wp-content\/uploads\/2025\/07\/IMG_9993-9x12.jpeg 9w, https:\/\/iseumdoslimitesdalua.com\/wp-content\/uploads\/2025\/07\/IMG_9993-scaled.jpeg 1920w\" sizes=\"auto, (max-width: 768px) 100vw, 768px\" \/><\/figure>\n<\/figure>\n\n\n\n<div class=\"wp-block-group alignwide has-global-padding is-layout-constrained wp-block-group-is-layout-constrained\">\n<h1 class=\"wp-block-heading alignwide has-xx-large-font-size\" style=\"line-height:1.2\">Mora Sininho Rosa, Sacerdos de Nabia e Ataegina, Autore, Artista<\/h1>\n<\/div>\n\n\n\n<div class=\"wp-block-media-text alignwide is-stacked-on-mobile is-vertically-aligned-center\"><figure class=\"wp-block-media-text__media\"><img loading=\"lazy\" decoding=\"async\" width=\"724\" height=\"1024\" src=\"https:\/\/iseumdoslimitesdalua.com\/wp-content\/uploads\/2025\/07\/IMG_2942-724x1024.png\" alt=\"\" class=\"wp-image-50 size-full\" srcset=\"https:\/\/iseumdoslimitesdalua.com\/wp-content\/uploads\/2025\/07\/IMG_2942-724x1024.png 724w, https:\/\/iseumdoslimitesdalua.com\/wp-content\/uploads\/2025\/07\/IMG_2942-212x300.png 212w, https:\/\/iseumdoslimitesdalua.com\/wp-content\/uploads\/2025\/07\/IMG_2942-768x1086.png 768w, https:\/\/iseumdoslimitesdalua.com\/wp-content\/uploads\/2025\/07\/IMG_2942-1086x1536.png 1086w, https:\/\/iseumdoslimitesdalua.com\/wp-content\/uploads\/2025\/07\/IMG_2942-1448x2048.png 1448w, https:\/\/iseumdoslimitesdalua.com\/wp-content\/uploads\/2025\/07\/IMG_2942-8x12.png 8w, https:\/\/iseumdoslimitesdalua.com\/wp-content\/uploads\/2025\/07\/IMG_2942-scaled.png 1810w\" sizes=\"auto, (max-width: 724px) 100vw, 724px\" \/><\/figure><div class=\"wp-block-media-text__content\">\n<p>Eu sou a\u00a0<strong>Mora Sininho Rosa<\/strong>\u00a0&#8211; utiliza qualquer destes nomes para te referires a mim &#8211; e utilizo os pronomes<strong>\u00a0Ela\/Dela e Elu\/Delu<\/strong>. Considero-me pag\u00e3 desde 2016, o meu caminho tomando muitas voltas e reviravoltas at\u00e9 chegar ao que d\u00e1 origem a este Iseum &#8211; o\u00a0<strong>paganismo ib\u00e9rico<\/strong>. Venero os Deuses da antiga Lusit\u00e2nia, e trabalho com os seres m\u00e1gicos do folclore da Pen\u00ednsula Ib\u00e9rica. Sou\u00a0<strong>bruxa<\/strong>\u00a0desde cedo na minha vida, sempre envolta nas pr\u00e1ticas populares e mitos. Sou uma pessoa\u00a0<strong>queer<\/strong>\u00a0&#8211; l\u00e9sbica e n\u00e3o bin\u00e1ria &#8211; e isso n\u00e3o \u00e9 algo extra\u00eddo da minha espiritualidade, mas sim que a constr\u00f3i e desconstr\u00f3i. Estudo Comunica\u00e7\u00e3o e Literatura Comparada, e adoro contar hist\u00f3rias atrav\u00e9s da escrita, escultura e arte digital. De momento, caminho pela cidade de\u00a0<strong>\u00c9vora.\u00a0<\/strong><\/p>\n\n\n\n<p>Utilizo a palavra&nbsp;<strong>Sacerdos&nbsp;<\/strong>para a minha fun\u00e7\u00e3o &#8211; em vez de Sacerdote, Sacerdotisa ou Sacerdotise &#8211; uma palavra que veio at\u00e9 mim no meu treino sacerdotal, latim, sem conota\u00e7\u00e3o de g\u00e9nero. Fui iniciada por Alexia Moon, do Iseum do Caminho da Terra, uma grande orientadora e amiga, perita em tudo paganismo hel\u00e9nico e ao servi\u00e7o das Senhoras Hecate e Persefone, com as quais Nabia e Ataegina partilham as suas semelhan\u00e7as. O meu treino teve como foco o servi\u00e7o \u00e0s Senhoras, aos Seres M\u00e1gicos e \u00e0 comunidade queer. Tanto este Iseum como o da Alexia podem ser encontrados no registo da FOI, como \u00e9 habitual na nossa linhagem sacerdotal.&nbsp;<\/p>\n\n\n\n<p>Entro nas minhas fun\u00e7\u00f5es sacerdotais em Setembro de 2024 cheia de alegria e entusiasmo, ainda sob a asa orientadora da Alexia no meu per\u00edodo de espera de um ano e um dia ordenado pela F.O.I.&nbsp;<\/p>\n\n\n\n<p>Tenho alguns projetos, o mais conhecido sendo a minha p\u00e1gina do Tiktok. Tenho ainda o podcast Pag\u00e3 Lusitana, que esteve em espera durante o treino sacerdotal e agora volta com o in\u00edcio deste Iseum. J\u00e1 participei no Encontro Ancestral de Paganismo em Portugal em 2023.&nbsp;<\/p>\n\n\n\n<p>Tenho dois trabalhos criativos: O Or\u00e1culo dos Deuses Lusitanos e a saga Dia de Fata\u00ed. Parte do meu servi\u00e7o \u00e9 continuar a contar hist\u00f3rias e criar para as Senhoras. Podem esperar mais e mais projetos, por isso, fiquem atentos a este website e \u00e0s minhas redes sociais!<\/p>\n\n\n\n<p>Espero poder partilhar este caminho contigo. Se n\u00e3o, espero que ao menos te deixe alguma reflex\u00e3o.&nbsp;<\/p>\n<\/div><\/div>\n","protected":false},"excerpt":{"rendered":"<p>Mora Sininho Rosa, Sacerdos de Nabia e Ataegina, Autore, Artista Eu sou a\u00a0Mora Sininho Rosa\u00a0&#8211; utiliza qualquer destes nomes para te referires a mim &#8211; e utilizo os pronomes\u00a0Ela\/Dela e Elu\/Delu. Considero-me pag\u00e3 desde 2016, o meu caminho tomando muitas voltas e reviravoltas at\u00e9 chegar ao que d\u00e1 origem a este Iseum &#8211; o\u00a0paganismo ib\u00e9rico. [&hellip;]<\/p>\n","protected":false},"author":1,"featured_media":0,"parent":0,"menu_order":0,"comment_status":"closed","ping_status":"closed","template":"","meta":{"footnotes":""},"class_list":["post-46","page","type-page","status-publish","hentry"],"yoast_head":"<!-- This site is optimized with the Yoast SEO plugin v25.6 - https:\/\/yoast.com\/wordpress\/plugins\/seo\/ -->\n<title>Fundadore - Iseum dos Limites da Lua<\/title>\n<meta name=\"description\" content=\"Conhece Mora Sininho Rosa, Sacerdos de Nabia e Ataegina, Autore, Artista\" \/>\n<meta name=\"robots\" content=\"index, follow, max-snippet:-1, max-image-preview:large, max-video-preview:-1\" \/>\n<link rel=\"canonical\" href=\"http:\/\/iseumdoslimitesdalua.com\/?page_id=46\" \/>\n<meta property=\"og:locale\" content=\"pt_PT\" \/>\n<meta property=\"og:type\" content=\"article\" \/>\n<meta property=\"og:title\" content=\"Fundadore - Iseum dos Limites da Lua\" \/>\n<meta property=\"og:description\" content=\"Conhece Mora Sininho Rosa, Sacerdos de Nabia e Ataegina, Autore, Artista\" \/>\n<meta property=\"og:url\" content=\"http:\/\/iseumdoslimitesdalua.com\/?page_id=46\" \/>\n<meta property=\"og:site_name\" content=\"Iseum dos Limites da Lua\" \/>\n<meta property=\"og:image\" content=\"http:\/\/iseumdoslimitesdalua.com\/wp-content\/uploads\/2025\/07\/IMG_9992-768x1024.jpeg\" \/>\n<meta name=\"twitter:card\" content=\"summary_large_image\" \/>\n<meta name=\"twitter:label1\" content=\"Tempo estimado de leitura\" \/>\n\t<meta name=\"twitter:data1\" content=\"3 minutos\" \/>\n<script type=\"application\/ld+json\" class=\"yoast-schema-graph\">{\"@context\":\"https:\/\/schema.org\",\"@graph\":[{\"@type\":\"WebPage\",\"@id\":\"http:\/\/iseumdoslimitesdalua.com\/?page_id=46\",\"url\":\"http:\/\/iseumdoslimitesdalua.com\/?page_id=46\",\"name\":\"Fundadore - Iseum dos Limites da Lua\",\"isPartOf\":{\"@id\":\"http:\/\/iseumdoslimitesdalua.com\/#website\"},\"primaryImageOfPage\":{\"@id\":\"http:\/\/iseumdoslimitesdalua.com\/?page_id=46#primaryimage\"},\"image\":{\"@id\":\"http:\/\/iseumdoslimitesdalua.com\/?page_id=46#primaryimage\"},\"thumbnailUrl\":\"https:\/\/iseumdoslimitesdalua.com\/wp-content\/uploads\/2025\/07\/IMG_9992-768x1024.jpeg\",\"datePublished\":\"2025-07-06T21:23:02+00:00\",\"description\":\"Conhece Mora Sininho Rosa, Sacerdos de Nabia e Ataegina, Autore, Artista\",\"breadcrumb\":{\"@id\":\"http:\/\/iseumdoslimitesdalua.com\/?page_id=46#breadcrumb\"},\"inLanguage\":\"pt-PT\",\"potentialAction\":[{\"@type\":\"ReadAction\",\"target\":[\"http:\/\/iseumdoslimitesdalua.com\/?page_id=46\"]}]},{\"@type\":\"ImageObject\",\"inLanguage\":\"pt-PT\",\"@id\":\"http:\/\/iseumdoslimitesdalua.com\/?page_id=46#primaryimage\",\"url\":\"https:\/\/iseumdoslimitesdalua.com\/wp-content\/uploads\/2025\/07\/IMG_9992-768x1024.jpeg\",\"contentUrl\":\"https:\/\/iseumdoslimitesdalua.com\/wp-content\/uploads\/2025\/07\/IMG_9992-768x1024.jpeg\"},{\"@type\":\"BreadcrumbList\",\"@id\":\"http:\/\/iseumdoslimitesdalua.com\/?page_id=46#breadcrumb\",\"itemListElement\":[{\"@type\":\"ListItem\",\"position\":1,\"name\":\"Home\",\"item\":\"http:\/\/iseumdoslimitesdalua.com\/\"},{\"@type\":\"ListItem\",\"position\":2,\"name\":\"Fundadore\"}]},{\"@type\":\"WebSite\",\"@id\":\"http:\/\/iseumdoslimitesdalua.com\/#website\",\"url\":\"http:\/\/iseumdoslimitesdalua.com\/\",\"name\":\"Iseum Dos Limites Da Lua\",\"description\":\"\",\"publisher\":{\"@id\":\"http:\/\/iseumdoslimitesdalua.com\/#organization\"},\"potentialAction\":[{\"@type\":\"SearchAction\",\"target\":{\"@type\":\"EntryPoint\",\"urlTemplate\":\"http:\/\/iseumdoslimitesdalua.com\/?s={search_term_string}\"},\"query-input\":{\"@type\":\"PropertyValueSpecification\",\"valueRequired\":true,\"valueName\":\"search_term_string\"}}],\"inLanguage\":\"pt-PT\"},{\"@type\":\"Organization\",\"@id\":\"http:\/\/iseumdoslimitesdalua.com\/#organization\",\"name\":\"Iseum Dos Limites Da Lua\",\"url\":\"http:\/\/iseumdoslimitesdalua.com\/\",\"logo\":{\"@type\":\"ImageObject\",\"inLanguage\":\"pt-PT\",\"@id\":\"http:\/\/iseumdoslimitesdalua.com\/#\/schema\/logo\/image\/\",\"url\":\"https:\/\/iseumdoslimitesdalua.com\/wp-content\/uploads\/2025\/12\/Untitled-design-5.png\",\"contentUrl\":\"https:\/\/iseumdoslimitesdalua.com\/wp-content\/uploads\/2025\/12\/Untitled-design-5.png\",\"width\":500,\"height\":500,\"caption\":\"Iseum Dos Limites Da Lua\"},\"image\":{\"@id\":\"http:\/\/iseumdoslimitesdalua.com\/#\/schema\/logo\/image\/\"}}]}<\/script>\n<!-- \/ Yoast SEO plugin. -->","yoast_head_json":{"title":"Fundadore - Iseum dos Limites da Lua","description":"Conhece Mora Sininho Rosa, Sacerdos de Nabia e Ataegina, Autore, Artista","robots":{"index":"index","follow":"follow","max-snippet":"max-snippet:-1","max-image-preview":"max-image-preview:large","max-video-preview":"max-video-preview:-1"},"canonical":"http:\/\/iseumdoslimitesdalua.com\/?page_id=46","og_locale":"pt_PT","og_type":"article","og_title":"Fundadore - Iseum dos Limites da Lua","og_description":"Conhece Mora Sininho Rosa, Sacerdos de Nabia e Ataegina, Autore, Artista","og_url":"http:\/\/iseumdoslimitesdalua.com\/?page_id=46","og_site_name":"Iseum dos Limites da Lua","og_image":[{"url":"http:\/\/iseumdoslimitesdalua.com\/wp-content\/uploads\/2025\/07\/IMG_9992-768x1024.jpeg","type":"","width":"","height":""}],"twitter_card":"summary_large_image","twitter_misc":{"Tempo estimado de leitura":"3 minutos"},"schema":{"@context":"https:\/\/schema.org","@graph":[{"@type":"WebPage","@id":"http:\/\/iseumdoslimitesdalua.com\/?page_id=46","url":"http:\/\/iseumdoslimitesdalua.com\/?page_id=46","name":"Fundadore - Iseum dos Limites da Lua","isPartOf":{"@id":"http:\/\/iseumdoslimitesdalua.com\/#website"},"primaryImageOfPage":{"@id":"http:\/\/iseumdoslimitesdalua.com\/?page_id=46#primaryimage"},"image":{"@id":"http:\/\/iseumdoslimitesdalua.com\/?page_id=46#primaryimage"},"thumbnailUrl":"https:\/\/iseumdoslimitesdalua.com\/wp-content\/uploads\/2025\/07\/IMG_9992-768x1024.jpeg","datePublished":"2025-07-06T21:23:02+00:00","description":"Conhece Mora Sininho Rosa, Sacerdos de Nabia e Ataegina, Autore, Artista","breadcrumb":{"@id":"http:\/\/iseumdoslimitesdalua.com\/?page_id=46#breadcrumb"},"inLanguage":"pt-PT","potentialAction":[{"@type":"ReadAction","target":["http:\/\/iseumdoslimitesdalua.com\/?page_id=46"]}]},{"@type":"ImageObject","inLanguage":"pt-PT","@id":"http:\/\/iseumdoslimitesdalua.com\/?page_id=46#primaryimage","url":"https:\/\/iseumdoslimitesdalua.com\/wp-content\/uploads\/2025\/07\/IMG_9992-768x1024.jpeg","contentUrl":"https:\/\/iseumdoslimitesdalua.com\/wp-content\/uploads\/2025\/07\/IMG_9992-768x1024.jpeg"},{"@type":"BreadcrumbList","@id":"http:\/\/iseumdoslimitesdalua.com\/?page_id=46#breadcrumb","itemListElement":[{"@type":"ListItem","position":1,"name":"Home","item":"http:\/\/iseumdoslimitesdalua.com\/"},{"@type":"ListItem","position":2,"name":"Fundadore"}]},{"@type":"WebSite","@id":"http:\/\/iseumdoslimitesdalua.com\/#website","url":"http:\/\/iseumdoslimitesdalua.com\/","name":"Iseum Dos Limites Da Lua","description":"","publisher":{"@id":"http:\/\/iseumdoslimitesdalua.com\/#organization"},"potentialAction":[{"@type":"SearchAction","target":{"@type":"EntryPoint","urlTemplate":"http:\/\/iseumdoslimitesdalua.com\/?s={search_term_string}"},"query-input":{"@type":"PropertyValueSpecification","valueRequired":true,"valueName":"search_term_string"}}],"inLanguage":"pt-PT"},{"@type":"Organization","@id":"http:\/\/iseumdoslimitesdalua.com\/#organization","name":"Iseum Dos Limites Da Lua","url":"http:\/\/iseumdoslimitesdalua.com\/","logo":{"@type":"ImageObject","inLanguage":"pt-PT","@id":"http:\/\/iseumdoslimitesdalua.com\/#\/schema\/logo\/image\/","url":"https:\/\/iseumdoslimitesdalua.com\/wp-content\/uploads\/2025\/12\/Untitled-design-5.png","contentUrl":"https:\/\/iseumdoslimitesdalua.com\/wp-content\/uploads\/2025\/12\/Untitled-design-5.png","width":500,"height":500,"caption":"Iseum Dos Limites Da Lua"},"image":{"@id":"http:\/\/iseumdoslimitesdalua.com\/#\/schema\/logo\/image\/"}}]}},"_links":{"self":[{"href":"https:\/\/iseumdoslimitesdalua.com\/index.php?rest_route=\/wp\/v2\/pages\/46","targetHints":{"allow":["GET"]}}],"collection":[{"href":"https:\/\/iseumdoslimitesdalua.com\/index.php?rest_route=\/wp\/v2\/pages"}],"about":[{"href":"https:\/\/iseumdoslimitesdalua.com\/index.php?rest_route=\/wp\/v2\/types\/page"}],"author":[{"embeddable":true,"href":"https:\/\/iseumdoslimitesdalua.com\/index.php?rest_route=\/wp\/v2\/users\/1"}],"replies":[{"embeddable":true,"href":"https:\/\/iseumdoslimitesdalua.com\/index.php?rest_route=%2Fwp%2Fv2%2Fcomments&post=46"}],"version-history":[{"count":1,"href":"https:\/\/iseumdoslimitesdalua.com\/index.php?rest_route=\/wp\/v2\/pages\/46\/revisions"}],"predecessor-version":[{"id":53,"href":"https:\/\/iseumdoslimitesdalua.com\/index.php?rest_route=\/wp\/v2\/pages\/46\/revisions\/53"}],"wp:attachment":[{"href":"https:\/\/iseumdoslimitesdalua.com\/index.php?rest_route=%2Fwp%2Fv2%2Fmedia&parent=46"}],"curies":[{"name":"wp","href":"https:\/\/api.w.org\/{rel}","templated":true}]}}