{"id":42,"date":"2025-07-04T12:18:11","date_gmt":"2025-07-04T12:18:11","guid":{"rendered":"https:\/\/iseumdoslimitesdalua.com\/?page_id=42"},"modified":"2025-07-10T16:19:54","modified_gmt":"2025-07-10T16:19:54","slug":"iseum-dos-limites-da-lua","status":"publish","type":"page","link":"https:\/\/iseumdoslimitesdalua.com\/?page_id=42","title":{"rendered":"O Iseum"},"content":{"rendered":"\n<figure class=\"wp-block-image size-large\"><img loading=\"lazy\" decoding=\"async\" width=\"1024\" height=\"1024\" src=\"https:\/\/iseumdoslimitesdalua.com\/wp-content\/uploads\/2025\/07\/IMG_2966-1024x1024.png\" alt=\"\" class=\"wp-image-26\" srcset=\"https:\/\/iseumdoslimitesdalua.com\/wp-content\/uploads\/2025\/07\/IMG_2966-1024x1024.png 1024w, https:\/\/iseumdoslimitesdalua.com\/wp-content\/uploads\/2025\/07\/IMG_2966-300x300.png 300w, https:\/\/iseumdoslimitesdalua.com\/wp-content\/uploads\/2025\/07\/IMG_2966-150x150.png 150w, https:\/\/iseumdoslimitesdalua.com\/wp-content\/uploads\/2025\/07\/IMG_2966-768x768.png 768w, https:\/\/iseumdoslimitesdalua.com\/wp-content\/uploads\/2025\/07\/IMG_2966-1536x1536.png 1536w, https:\/\/iseumdoslimitesdalua.com\/wp-content\/uploads\/2025\/07\/IMG_2966-12x12.png 12w, https:\/\/iseumdoslimitesdalua.com\/wp-content\/uploads\/2025\/07\/IMG_2966.png 2048w\" sizes=\"auto, (max-width: 1024px) 100vw, 1024px\" \/><\/figure>\n\n\n\n<blockquote class=\"wp-block-quote has-text-align-center is-style-plain is-layout-flow wp-block-quote-is-layout-flow is-style-plain--1\">\n<p><em>Eternas Senhoras da Lua<\/em><\/p>\n\n\n\n<p><em>da Foz que j\u00e1 desagua<\/em><\/p>\n\n\n\n<p><em>Nabia, a \u00c1gua<\/em><\/p>\n\n\n\n<p><em>Ataegina, a Terra<\/em><\/p>\n\n\n\n<p><em>Tragam riso, amor, uni\u00e3o<\/em><\/p>\n\n\n\n<p><em>e magia de m\u00e3o em m\u00e3o<\/em><\/p>\n\n\n\n<p><em>Palavras ditas, a\u00e7\u00f5es s\u00e3o.<\/em><\/p>\n<\/blockquote>\n\n\n\n<p>O I.L.L foi criado a 4 de Setembro de 2024.&nbsp;<\/p>\n\n\n\n<p>\u00c9 um Iseum da Fellowship of Isis, fundado pela Sacerdos Mora Sininho Rosa. De momento, tem como espa\u00e7os sagrados este espa\u00e7o online, e o espa\u00e7o dom\u00e9stico du Sacerdos em \u00c9vora.&nbsp;<\/p>\n\n\n\n<p>Este espa\u00e7o \u00e9 consagrado a Nabia Cantibidone e Nynphae e Ataegina Invicta.&nbsp;<\/p>\n\n\n\n<p>Neste espa\u00e7o damos tamb\u00e9m as boas vindas \u00e0 boa gente, qualquer ser m\u00e1gico que queira ajudar ou ser ajudado &#8211; comunicamos com eles e caminhamos pelos limites, descobrindo mais sobre os seus segredos.<\/p>\n\n\n\n<p>&nbsp;Este Iseum acolhe todes, e posiciona-se contra as injusti\u00e7as e falta de inclus\u00e3o no paganismo.&nbsp;<\/p>\n\n\n\n<p>Aqui, veneramos o Divino Queer, a nossa exist\u00eancia fora dos limites que nos foram impostos.&nbsp;<\/p>\n\n\n\n<p>Temos na nossa pr\u00e1tica 7 Pilares:<\/p>\n\n\n\n<p>F\u00e9: Acreditamos nas Senhoras que nos colocam no caminho certo. Acreditamos nos seres m\u00e1gicos e como afetam o espa\u00e7o \u00e0 nossa volta. Acreditamos na natureza, nos ciclos, na lua. Acreditamos em n\u00f3s, e na comunidade que nos apoia.&nbsp;<\/p>\n\n\n\n<p>Esperan\u00e7a: Sabemos a import\u00e2ncia de esperar, e sabemos que tudo ficar\u00e1 bem. N\u00e3o perdemos a nossa luz quando o mundo parece mais escuro. Enchemo-nos de alegria e entusiasmo por um amanh\u00e3, para as pessoas \u00e0 nossa volta tamb\u00e9m o conseguirem fazer.&nbsp;<\/p>\n\n\n\n<p>Justi\u00e7a: Lutamos por aqueles que n\u00e3o conseguem lutar por si. Abrigamos quem n\u00e3o tem um espa\u00e7o seguro. N\u00e3o s\u00f3 incluimos, como equilibramos a balan\u00e7a que durante tanto tempo esteve desequilibrada.<\/p>\n\n\n\n<p>Amor: Amamos sem vergonha, sem pudor e sem explica\u00e7\u00e3o. Amamos todas as formas de amor, seja este rom\u00e2ntico, plat\u00f3nico ou incondicional. Amamos as Pessoas, o Divino, o Liminal e o Natural.&nbsp;<\/p>\n\n\n\n<p>Conhecimento: Ouvimos o mundo \u00e0 nossa volta, quem sabe mais do que n\u00f3s. L\u00ea-mos as palavras que nos foram deixadas e delas bebemos. Contamos as hist\u00f3rias que nos s\u00e3o passadas.<\/p>\n\n\n\n<p>Liberdade: Aproveitamos a vida que temos. Ri-mos quando alegres, dan\u00e7amos quando o corpo deseja mexer-se, abanamos bra\u00e7os e pernas, cantamos e assobiamos. Alegria sem desculpas, e nunca \u00e0 custa da alegria de outrem.&nbsp;<\/p>\n\n\n\n<p>Comunidade: Sentimos a uni\u00e3o. Todes estamos unides, numa teia que se interliga com todas as energias \u00e0 nossa volta. Damos o ombro uns aos outres, e respeitamos as viv\u00eancias e identidades de cada um.&nbsp;<\/p>\n\n\n\n<p>Se te identificas com estes Pilares, fica mais um pouco neste espa\u00e7o. Respira.<\/p>\n\n\n\n<p><\/p>\n<div class=\"brz-root__container\"><\/div>","protected":false},"excerpt":{"rendered":"<p>Eternas Senhoras da Lua da Foz que j\u00e1 desagua Nabia, a \u00c1gua Ataegina, a Terra Tragam riso, amor, uni\u00e3o e magia de m\u00e3o em m\u00e3o Palavras ditas, a\u00e7\u00f5es s\u00e3o. O I.L.L foi criado a 4 de Setembro de 2024.&nbsp; \u00c9 um Iseum da Fellowship of Isis, fundado pela Sacerdos Mora Sininho Rosa. De momento, tem [&hellip;]<\/p>\n","protected":false},"author":1,"featured_media":0,"parent":0,"menu_order":0,"comment_status":"closed","ping_status":"closed","template":"brizy-blank-template.php","meta":{"footnotes":""},"class_list":["post-42","page","type-page","status-publish","hentry"],"yoast_head":"<!-- This site is optimized with the Yoast SEO plugin v25.6 - https:\/\/yoast.com\/wordpress\/plugins\/seo\/ -->\n<title>O Iseum - Iseum dos Limites da Lua<\/title>\n<meta name=\"description\" content=\"Descobre sobre o Iseum dos Limites da Lua, espa\u00e7o das Deusas Nabia e Ataegina\" \/>\n<meta name=\"robots\" content=\"index, follow, max-snippet:-1, max-image-preview:large, max-video-preview:-1\" \/>\n<link rel=\"canonical\" href=\"http:\/\/iseumdoslimitesdalua.com\/?page_id=42\" \/>\n<meta property=\"og:locale\" content=\"pt_PT\" \/>\n<meta property=\"og:type\" content=\"article\" \/>\n<meta property=\"og:title\" content=\"O Iseum - Iseum dos Limites da Lua\" \/>\n<meta property=\"og:description\" content=\"Descobre sobre o Iseum dos Limites da Lua, espa\u00e7o das Deusas Nabia e Ataegina\" \/>\n<meta property=\"og:url\" content=\"http:\/\/iseumdoslimitesdalua.com\/?page_id=42\" \/>\n<meta property=\"og:site_name\" content=\"Iseum dos Limites da Lua\" \/>\n<meta property=\"article:modified_time\" content=\"2025-07-10T16:19:54+00:00\" \/>\n<meta property=\"og:image\" content=\"http:\/\/iseumdoslimitesdalua.com\/wp-content\/uploads\/2025\/07\/IMG_2966-1024x1024.png\" \/>\n<meta name=\"twitter:card\" content=\"summary_large_image\" \/>\n<meta name=\"twitter:label1\" content=\"Tempo estimado de leitura\" \/>\n\t<meta name=\"twitter:data1\" content=\"2 minutos\" \/>\n<script type=\"application\/ld+json\" class=\"yoast-schema-graph\">{\"@context\":\"https:\/\/schema.org\",\"@graph\":[{\"@type\":\"WebPage\",\"@id\":\"http:\/\/iseumdoslimitesdalua.com\/?page_id=42\",\"url\":\"http:\/\/iseumdoslimitesdalua.com\/?page_id=42\",\"name\":\"O Iseum - Iseum dos Limites da Lua\",\"isPartOf\":{\"@id\":\"http:\/\/iseumdoslimitesdalua.com\/#website\"},\"primaryImageOfPage\":{\"@id\":\"http:\/\/iseumdoslimitesdalua.com\/?page_id=42#primaryimage\"},\"image\":{\"@id\":\"http:\/\/iseumdoslimitesdalua.com\/?page_id=42#primaryimage\"},\"thumbnailUrl\":\"https:\/\/iseumdoslimitesdalua.com\/wp-content\/uploads\/2025\/07\/IMG_2966-1024x1024.png\",\"datePublished\":\"2025-07-04T12:18:11+00:00\",\"dateModified\":\"2025-07-10T16:19:54+00:00\",\"description\":\"Descobre sobre o Iseum dos Limites da Lua, espa\u00e7o das Deusas Nabia e Ataegina\",\"breadcrumb\":{\"@id\":\"http:\/\/iseumdoslimitesdalua.com\/?page_id=42#breadcrumb\"},\"inLanguage\":\"pt-PT\",\"potentialAction\":[{\"@type\":\"ReadAction\",\"target\":[\"http:\/\/iseumdoslimitesdalua.com\/?page_id=42\"]}]},{\"@type\":\"ImageObject\",\"inLanguage\":\"pt-PT\",\"@id\":\"http:\/\/iseumdoslimitesdalua.com\/?page_id=42#primaryimage\",\"url\":\"https:\/\/iseumdoslimitesdalua.com\/wp-content\/uploads\/2025\/07\/IMG_2966.png\",\"contentUrl\":\"https:\/\/iseumdoslimitesdalua.com\/wp-content\/uploads\/2025\/07\/IMG_2966.png\",\"width\":2048,\"height\":2048},{\"@type\":\"BreadcrumbList\",\"@id\":\"http:\/\/iseumdoslimitesdalua.com\/?page_id=42#breadcrumb\",\"itemListElement\":[{\"@type\":\"ListItem\",\"position\":1,\"name\":\"Home\",\"item\":\"http:\/\/iseumdoslimitesdalua.com\/\"},{\"@type\":\"ListItem\",\"position\":2,\"name\":\"O Iseum\"}]},{\"@type\":\"WebSite\",\"@id\":\"http:\/\/iseumdoslimitesdalua.com\/#website\",\"url\":\"http:\/\/iseumdoslimitesdalua.com\/\",\"name\":\"Iseum Dos Limites Da Lua\",\"description\":\"\",\"publisher\":{\"@id\":\"http:\/\/iseumdoslimitesdalua.com\/#organization\"},\"potentialAction\":[{\"@type\":\"SearchAction\",\"target\":{\"@type\":\"EntryPoint\",\"urlTemplate\":\"http:\/\/iseumdoslimitesdalua.com\/?s={search_term_string}\"},\"query-input\":{\"@type\":\"PropertyValueSpecification\",\"valueRequired\":true,\"valueName\":\"search_term_string\"}}],\"inLanguage\":\"pt-PT\"},{\"@type\":\"Organization\",\"@id\":\"http:\/\/iseumdoslimitesdalua.com\/#organization\",\"name\":\"Iseum Dos Limites Da Lua\",\"url\":\"http:\/\/iseumdoslimitesdalua.com\/\",\"logo\":{\"@type\":\"ImageObject\",\"inLanguage\":\"pt-PT\",\"@id\":\"http:\/\/iseumdoslimitesdalua.com\/#\/schema\/logo\/image\/\",\"url\":\"https:\/\/iseumdoslimitesdalua.com\/wp-content\/uploads\/2025\/12\/Untitled-design-5.png\",\"contentUrl\":\"https:\/\/iseumdoslimitesdalua.com\/wp-content\/uploads\/2025\/12\/Untitled-design-5.png\",\"width\":500,\"height\":500,\"caption\":\"Iseum Dos Limites Da Lua\"},\"image\":{\"@id\":\"http:\/\/iseumdoslimitesdalua.com\/#\/schema\/logo\/image\/\"}}]}<\/script>\n<!-- \/ Yoast SEO plugin. -->","yoast_head_json":{"title":"O Iseum - Iseum dos Limites da Lua","description":"Descobre sobre o Iseum dos Limites da Lua, espa\u00e7o das Deusas Nabia e Ataegina","robots":{"index":"index","follow":"follow","max-snippet":"max-snippet:-1","max-image-preview":"max-image-preview:large","max-video-preview":"max-video-preview:-1"},"canonical":"http:\/\/iseumdoslimitesdalua.com\/?page_id=42","og_locale":"pt_PT","og_type":"article","og_title":"O Iseum - Iseum dos Limites da Lua","og_description":"Descobre sobre o Iseum dos Limites da Lua, espa\u00e7o das Deusas Nabia e Ataegina","og_url":"http:\/\/iseumdoslimitesdalua.com\/?page_id=42","og_site_name":"Iseum dos Limites da Lua","article_modified_time":"2025-07-10T16:19:54+00:00","og_image":[{"url":"http:\/\/iseumdoslimitesdalua.com\/wp-content\/uploads\/2025\/07\/IMG_2966-1024x1024.png","type":"","width":"","height":""}],"twitter_card":"summary_large_image","twitter_misc":{"Tempo estimado de leitura":"2 minutos"},"schema":{"@context":"https:\/\/schema.org","@graph":[{"@type":"WebPage","@id":"http:\/\/iseumdoslimitesdalua.com\/?page_id=42","url":"http:\/\/iseumdoslimitesdalua.com\/?page_id=42","name":"O Iseum - Iseum dos Limites da Lua","isPartOf":{"@id":"http:\/\/iseumdoslimitesdalua.com\/#website"},"primaryImageOfPage":{"@id":"http:\/\/iseumdoslimitesdalua.com\/?page_id=42#primaryimage"},"image":{"@id":"http:\/\/iseumdoslimitesdalua.com\/?page_id=42#primaryimage"},"thumbnailUrl":"https:\/\/iseumdoslimitesdalua.com\/wp-content\/uploads\/2025\/07\/IMG_2966-1024x1024.png","datePublished":"2025-07-04T12:18:11+00:00","dateModified":"2025-07-10T16:19:54+00:00","description":"Descobre sobre o Iseum dos Limites da Lua, espa\u00e7o das Deusas Nabia e Ataegina","breadcrumb":{"@id":"http:\/\/iseumdoslimitesdalua.com\/?page_id=42#breadcrumb"},"inLanguage":"pt-PT","potentialAction":[{"@type":"ReadAction","target":["http:\/\/iseumdoslimitesdalua.com\/?page_id=42"]}]},{"@type":"ImageObject","inLanguage":"pt-PT","@id":"http:\/\/iseumdoslimitesdalua.com\/?page_id=42#primaryimage","url":"https:\/\/iseumdoslimitesdalua.com\/wp-content\/uploads\/2025\/07\/IMG_2966.png","contentUrl":"https:\/\/iseumdoslimitesdalua.com\/wp-content\/uploads\/2025\/07\/IMG_2966.png","width":2048,"height":2048},{"@type":"BreadcrumbList","@id":"http:\/\/iseumdoslimitesdalua.com\/?page_id=42#breadcrumb","itemListElement":[{"@type":"ListItem","position":1,"name":"Home","item":"http:\/\/iseumdoslimitesdalua.com\/"},{"@type":"ListItem","position":2,"name":"O Iseum"}]},{"@type":"WebSite","@id":"http:\/\/iseumdoslimitesdalua.com\/#website","url":"http:\/\/iseumdoslimitesdalua.com\/","name":"Iseum Dos Limites Da Lua","description":"","publisher":{"@id":"http:\/\/iseumdoslimitesdalua.com\/#organization"},"potentialAction":[{"@type":"SearchAction","target":{"@type":"EntryPoint","urlTemplate":"http:\/\/iseumdoslimitesdalua.com\/?s={search_term_string}"},"query-input":{"@type":"PropertyValueSpecification","valueRequired":true,"valueName":"search_term_string"}}],"inLanguage":"pt-PT"},{"@type":"Organization","@id":"http:\/\/iseumdoslimitesdalua.com\/#organization","name":"Iseum Dos Limites Da Lua","url":"http:\/\/iseumdoslimitesdalua.com\/","logo":{"@type":"ImageObject","inLanguage":"pt-PT","@id":"http:\/\/iseumdoslimitesdalua.com\/#\/schema\/logo\/image\/","url":"https:\/\/iseumdoslimitesdalua.com\/wp-content\/uploads\/2025\/12\/Untitled-design-5.png","contentUrl":"https:\/\/iseumdoslimitesdalua.com\/wp-content\/uploads\/2025\/12\/Untitled-design-5.png","width":500,"height":500,"caption":"Iseum Dos Limites Da Lua"},"image":{"@id":"http:\/\/iseumdoslimitesdalua.com\/#\/schema\/logo\/image\/"}}]}},"_links":{"self":[{"href":"https:\/\/iseumdoslimitesdalua.com\/index.php?rest_route=\/wp\/v2\/pages\/42","targetHints":{"allow":["GET"]}}],"collection":[{"href":"https:\/\/iseumdoslimitesdalua.com\/index.php?rest_route=\/wp\/v2\/pages"}],"about":[{"href":"https:\/\/iseumdoslimitesdalua.com\/index.php?rest_route=\/wp\/v2\/types\/page"}],"author":[{"embeddable":true,"href":"https:\/\/iseumdoslimitesdalua.com\/index.php?rest_route=\/wp\/v2\/users\/1"}],"replies":[{"embeddable":true,"href":"https:\/\/iseumdoslimitesdalua.com\/index.php?rest_route=%2Fwp%2Fv2%2Fcomments&post=42"}],"version-history":[{"count":3,"href":"https:\/\/iseumdoslimitesdalua.com\/index.php?rest_route=\/wp\/v2\/pages\/42\/revisions"}],"predecessor-version":[{"id":86,"href":"https:\/\/iseumdoslimitesdalua.com\/index.php?rest_route=\/wp\/v2\/pages\/42\/revisions\/86"}],"wp:attachment":[{"href":"https:\/\/iseumdoslimitesdalua.com\/index.php?rest_route=%2Fwp%2Fv2%2Fmedia&parent=42"}],"curies":[{"name":"wp","href":"https:\/\/api.w.org\/{rel}","templated":true}]}}