{"id":146,"date":"2025-07-11T12:42:41","date_gmt":"2025-07-11T12:42:41","guid":{"rendered":"https:\/\/iseumdoslimitesdalua.com\/?page_id=146"},"modified":"2025-07-11T12:42:42","modified_gmt":"2025-07-11T12:42:42","slug":"manifesto-da-f-o-i","status":"publish","type":"page","link":"https:\/\/iseumdoslimitesdalua.com\/?page_id=146","title":{"rendered":"Manifesto da F.o.i."},"content":{"rendered":"\n<p class=\"has-text-align-center\">Aset t fem. det. shm s w &#8220;go, walk&#8221; det. plural sign<br><strong>Aset Shemsu &#8211; The Retinue of Aset<\/strong><\/p>\n\n\n\n<p><em><a href=\"http:\/\/www.fellowshipofisis.com\/man_portuguese.html\" target=\"_blank\" rel=\"noreferrer noopener\">Tradu\u00e7\u00e3o de Eva Monteiro de Almeida<\/a>&nbsp;(O Manifesto da FOI foi criado originalmente em 1976 e foi actualizado por Olivia Robertson muitas vezes ao longo dos anos. A mais recente revis\u00e3o, de Julho de 2005, est\u00e1 exposta abaixo.)<\/em><\/p>\n\n\n\n<p>Um n\u00famero crescente de pessoas est\u00e3o a redescobrir o amor deles\/delas pela Deusa. A princ\u00edpio, este amor pode parecer n\u00e3o mais que um sentimento interno. Mas depressa se desenvolve; torna-se um desejo para ajudar activamente a Deusa na manifesta\u00e7\u00e3o do plano divino dela. Assim, a pessoa ouve tais perguntas como, &#8220;Como posso ser iniciado nos Mist\u00e9rios da Deusa? Como posso experimentar uma comunh\u00e3o mais \u00edntima com ela? Onde est\u00e3o os mais pr\u00f3ximos templos e devotos? Como posso juntar-me ao sacerd\u00f3cio da Deusa? &#8220;, e muitas outras perguntas.<\/p>\n\n\n\n<p>O Fellowship of Isis (Irmandade de Isis) foi fundado para responder a estas necessidades. Esta Sociedade prov\u00ea meios de promover uma comunh\u00e3o mais \u00edntima entre a Deusa e cada membro, ambos isoladamente e como parte de um grupo maior. H\u00e1 centenas de Iseums e milhares de membros no mundo inteiro, desde que a Irmandade foi fundada em 1976 por Lawrence, Pamela e Olivia Durdin-Robertson. S\u00e3o expressados amor, Beleza e Verdade por uma Irmandade multi-religiosa, multi-cultural e multi-racial. O bem em todas as f\u00e9s \u00e9 honrado. O Fellowship of Isis n\u00e3o tem nenhuma afilia\u00e7\u00e3o particular.<\/p>\n\n\n\n<p>A Irmandade \u00e9 organizada numa base democr\u00e1tica. Todos os membros t\u00eam privil\u00e9gios iguais, quer como membro solit\u00e1rio ou parte de um Iseum ou Lyceum. Este manifesto tamb\u00e9m se aplica \u00e0s sociedades de filhas: a College of Isis, a Spiral of the Adepti, a Spiral of Alchemy, a Noble Order of Tara e o Druid Clan of Dana.<\/p>\n\n\n\n<p>A Irmandade respeita a liberdade de consci\u00eancia de cada membro. N\u00e3o s\u00e3o requeridos votos ou compromissos de sigilo. Todas as atividades da Irmandade s\u00e3o opcionais e os membros s\u00e3o livres de resignar, sem que sejam feitas perguntas. A Irmandade \u00e9 gratuita.<\/p>\n\n\n\n<p>A Irmandade reverencia todas as manifesta\u00e7\u00f5es de Vida. O Deus tamb\u00e9m \u00e9 venerado. Os Ritos excluem qualquer forma de sacrif\u00edcio, seja ele factual ou simb\u00f3lico. A Natureza \u00e9 venerada e conservada. O trabalho da Noble Order of Tara \u00e9 o da a conserva\u00e7\u00e3o da Natureza.<\/p>\n\n\n\n<p>A Irmandade aceita a toler\u00e2ncia religiosa, e n\u00e3o \u00e9 exclusivista. Os membros s\u00e3o livres para manter outras submiss\u00f5es religiosas. A Sociedade est\u00e1 aberta a todos de qualquer religi\u00e3o, tradi\u00e7\u00e3o ou ra\u00e7a. S\u00e3o bem-vindas as crian\u00e7as, listadas como &#8220;Crian\u00e7as de Isis&#8221;, sujeito a consentimento parental. O \u201cFam\u00edlia Animal de Isis\u201d aceita os membros animais e amigos de p\u00e1ssaro nos centros.<\/p>\n\n\n\n<p>A Irmandade acredita na promo\u00e7\u00e3o de Amor, Beleza e Abund\u00e2ncia. Nenhum encorajamento \u00e9 dado ao asceticismo. A Irmandade busca desenvolver amizade, dons ps\u00edquicos, felicidade, e compaix\u00e3o por toda a vida. O Druid Clan of Dana desenvolve os dons ps\u00edquicos da Natureza.<\/p>\n\n\n\n<p>A College of Isis foi reavivada depois de sua supress\u00e3o 1,500 anos atr\u00e1s. Assim como Aset Shemsu, O F.O.I. ele mesmo, sempre esteve vivo nos Planos Internos. Foi nestes Planos Internos que o seu retorno se inspirou. Podem ser conferidos graus de Magi por Lyceums da College. S\u00e3o oferecidos cursos de correspond\u00eancia. N\u00e3o h\u00e1 nenhum voto nem segredo.<\/p>\n\n\n\n<p>Os Iseums s\u00e3o os pr\u00f3prios Fornos da Deusa (Hearths of the Goddess), ou Deusa e Deus a Quem eles s\u00e3o dedicados. Estes s\u00e3o listados, juntamente com Lyceums, Groves e Priories no Diret\u00f3rio de Homepage do FOI. Todos estes centros s\u00e3o apenas para o membros do FOI.<\/p>\n\n\n\n<p>O Sacerd\u00f3cio do Fellowship of Isis prov\u00e9m de uma linha heredit\u00e1ria de Robertson do Antigo Egipto. Sacerdotisas, sacerdotes, qualquer membro, tem igual valor. As sacerdotisas e sacerdotes trabalham com a Deusa &#8211; ou Deusa e Deus &#8211; da pr\u00f3pria F\u00e9. Todo o ser humano, animal, p\u00e1ssaro, \u00e1rvore \u00e9 uma descend\u00eancia eterna da Fam\u00edlia Divina da Vida, da Deusa M\u00e3e.<\/p>\n","protected":false},"excerpt":{"rendered":"<p>Aset t fem. det. shm s w &#8220;go, walk&#8221; det. plural signAset Shemsu &#8211; The Retinue of Aset Tradu\u00e7\u00e3o de Eva Monteiro de Almeida&nbsp;(O Manifesto da FOI foi criado originalmente em 1976 e foi actualizado por Olivia Robertson muitas vezes ao longo dos anos. A mais recente revis\u00e3o, de Julho de 2005, est\u00e1 exposta abaixo.) [&hellip;]<\/p>\n","protected":false},"author":1,"featured_media":147,"parent":0,"menu_order":0,"comment_status":"closed","ping_status":"closed","template":"","meta":{"footnotes":""},"class_list":["post-146","page","type-page","status-publish","has-post-thumbnail","hentry"],"yoast_head":"<!-- This site is optimized with the Yoast SEO plugin v25.6 - https:\/\/yoast.com\/wordpress\/plugins\/seo\/ -->\n<title>Manifesto da F.o.i. - Iseum dos Limites da Lua<\/title>\n<meta name=\"robots\" content=\"index, follow, max-snippet:-1, max-image-preview:large, max-video-preview:-1\" \/>\n<link rel=\"canonical\" href=\"http:\/\/iseumdoslimitesdalua.com\/?page_id=146\" \/>\n<meta property=\"og:locale\" content=\"pt_PT\" \/>\n<meta property=\"og:type\" content=\"article\" \/>\n<meta property=\"og:title\" content=\"Manifesto da F.o.i. - Iseum dos Limites da Lua\" \/>\n<meta property=\"og:description\" content=\"Aset t fem. det. shm s w &#8220;go, walk&#8221; det. plural signAset Shemsu &#8211; The Retinue of Aset Tradu\u00e7\u00e3o de Eva Monteiro de Almeida&nbsp;(O Manifesto da FOI foi criado originalmente em 1976 e foi actualizado por Olivia Robertson muitas vezes ao longo dos anos. A mais recente revis\u00e3o, de Julho de 2005, est\u00e1 exposta abaixo.) [&hellip;]\" \/>\n<meta property=\"og:url\" content=\"http:\/\/iseumdoslimitesdalua.com\/?page_id=146\" \/>\n<meta property=\"og:site_name\" content=\"Iseum dos Limites da Lua\" \/>\n<meta property=\"article:modified_time\" content=\"2025-07-11T12:42:42+00:00\" \/>\n<meta property=\"og:image\" content=\"http:\/\/iseumdoslimitesdalua.com\/wp-content\/uploads\/2025\/07\/asetshemsu.gif\" \/>\n\t<meta property=\"og:image:width\" content=\"400\" \/>\n\t<meta property=\"og:image:height\" content=\"83\" \/>\n\t<meta property=\"og:image:type\" content=\"image\/gif\" \/>\n<meta name=\"twitter:card\" content=\"summary_large_image\" \/>\n<meta name=\"twitter:label1\" content=\"Tempo estimado de leitura\" \/>\n\t<meta name=\"twitter:data1\" content=\"4 minutos\" \/>\n<script type=\"application\/ld+json\" class=\"yoast-schema-graph\">{\"@context\":\"https:\/\/schema.org\",\"@graph\":[{\"@type\":\"WebPage\",\"@id\":\"http:\/\/iseumdoslimitesdalua.com\/?page_id=146\",\"url\":\"http:\/\/iseumdoslimitesdalua.com\/?page_id=146\",\"name\":\"Manifesto da F.o.i. - Iseum dos Limites da Lua\",\"isPartOf\":{\"@id\":\"http:\/\/iseumdoslimitesdalua.com\/#website\"},\"primaryImageOfPage\":{\"@id\":\"http:\/\/iseumdoslimitesdalua.com\/?page_id=146#primaryimage\"},\"image\":{\"@id\":\"http:\/\/iseumdoslimitesdalua.com\/?page_id=146#primaryimage\"},\"thumbnailUrl\":\"https:\/\/iseumdoslimitesdalua.com\/wp-content\/uploads\/2025\/07\/asetshemsu.gif\",\"datePublished\":\"2025-07-11T12:42:41+00:00\",\"dateModified\":\"2025-07-11T12:42:42+00:00\",\"breadcrumb\":{\"@id\":\"http:\/\/iseumdoslimitesdalua.com\/?page_id=146#breadcrumb\"},\"inLanguage\":\"pt-PT\",\"potentialAction\":[{\"@type\":\"ReadAction\",\"target\":[\"http:\/\/iseumdoslimitesdalua.com\/?page_id=146\"]}]},{\"@type\":\"ImageObject\",\"inLanguage\":\"pt-PT\",\"@id\":\"http:\/\/iseumdoslimitesdalua.com\/?page_id=146#primaryimage\",\"url\":\"https:\/\/iseumdoslimitesdalua.com\/wp-content\/uploads\/2025\/07\/asetshemsu.gif\",\"contentUrl\":\"https:\/\/iseumdoslimitesdalua.com\/wp-content\/uploads\/2025\/07\/asetshemsu.gif\",\"width\":400,\"height\":83},{\"@type\":\"BreadcrumbList\",\"@id\":\"http:\/\/iseumdoslimitesdalua.com\/?page_id=146#breadcrumb\",\"itemListElement\":[{\"@type\":\"ListItem\",\"position\":1,\"name\":\"Home\",\"item\":\"http:\/\/iseumdoslimitesdalua.com\/\"},{\"@type\":\"ListItem\",\"position\":2,\"name\":\"Manifesto da F.o.i.\"}]},{\"@type\":\"WebSite\",\"@id\":\"http:\/\/iseumdoslimitesdalua.com\/#website\",\"url\":\"http:\/\/iseumdoslimitesdalua.com\/\",\"name\":\"Iseum Dos Limites Da Lua\",\"description\":\"\",\"publisher\":{\"@id\":\"http:\/\/iseumdoslimitesdalua.com\/#organization\"},\"potentialAction\":[{\"@type\":\"SearchAction\",\"target\":{\"@type\":\"EntryPoint\",\"urlTemplate\":\"http:\/\/iseumdoslimitesdalua.com\/?s={search_term_string}\"},\"query-input\":{\"@type\":\"PropertyValueSpecification\",\"valueRequired\":true,\"valueName\":\"search_term_string\"}}],\"inLanguage\":\"pt-PT\"},{\"@type\":\"Organization\",\"@id\":\"http:\/\/iseumdoslimitesdalua.com\/#organization\",\"name\":\"Iseum Dos Limites Da Lua\",\"url\":\"http:\/\/iseumdoslimitesdalua.com\/\",\"logo\":{\"@type\":\"ImageObject\",\"inLanguage\":\"pt-PT\",\"@id\":\"http:\/\/iseumdoslimitesdalua.com\/#\/schema\/logo\/image\/\",\"url\":\"https:\/\/iseumdoslimitesdalua.com\/wp-content\/uploads\/2025\/12\/Untitled-design-5.png\",\"contentUrl\":\"https:\/\/iseumdoslimitesdalua.com\/wp-content\/uploads\/2025\/12\/Untitled-design-5.png\",\"width\":500,\"height\":500,\"caption\":\"Iseum Dos Limites Da Lua\"},\"image\":{\"@id\":\"http:\/\/iseumdoslimitesdalua.com\/#\/schema\/logo\/image\/\"}}]}<\/script>\n<!-- \/ Yoast SEO plugin. -->","yoast_head_json":{"title":"Manifesto da F.o.i. - Iseum dos Limites da Lua","robots":{"index":"index","follow":"follow","max-snippet":"max-snippet:-1","max-image-preview":"max-image-preview:large","max-video-preview":"max-video-preview:-1"},"canonical":"http:\/\/iseumdoslimitesdalua.com\/?page_id=146","og_locale":"pt_PT","og_type":"article","og_title":"Manifesto da F.o.i. - Iseum dos Limites da Lua","og_description":"Aset t fem. det. shm s w &#8220;go, walk&#8221; det. plural signAset Shemsu &#8211; The Retinue of Aset Tradu\u00e7\u00e3o de Eva Monteiro de Almeida&nbsp;(O Manifesto da FOI foi criado originalmente em 1976 e foi actualizado por Olivia Robertson muitas vezes ao longo dos anos. A mais recente revis\u00e3o, de Julho de 2005, est\u00e1 exposta abaixo.) [&hellip;]","og_url":"http:\/\/iseumdoslimitesdalua.com\/?page_id=146","og_site_name":"Iseum dos Limites da Lua","article_modified_time":"2025-07-11T12:42:42+00:00","og_image":[{"width":400,"height":83,"url":"http:\/\/iseumdoslimitesdalua.com\/wp-content\/uploads\/2025\/07\/asetshemsu.gif","type":"image\/gif"}],"twitter_card":"summary_large_image","twitter_misc":{"Tempo estimado de leitura":"4 minutos"},"schema":{"@context":"https:\/\/schema.org","@graph":[{"@type":"WebPage","@id":"http:\/\/iseumdoslimitesdalua.com\/?page_id=146","url":"http:\/\/iseumdoslimitesdalua.com\/?page_id=146","name":"Manifesto da F.o.i. - Iseum dos Limites da Lua","isPartOf":{"@id":"http:\/\/iseumdoslimitesdalua.com\/#website"},"primaryImageOfPage":{"@id":"http:\/\/iseumdoslimitesdalua.com\/?page_id=146#primaryimage"},"image":{"@id":"http:\/\/iseumdoslimitesdalua.com\/?page_id=146#primaryimage"},"thumbnailUrl":"https:\/\/iseumdoslimitesdalua.com\/wp-content\/uploads\/2025\/07\/asetshemsu.gif","datePublished":"2025-07-11T12:42:41+00:00","dateModified":"2025-07-11T12:42:42+00:00","breadcrumb":{"@id":"http:\/\/iseumdoslimitesdalua.com\/?page_id=146#breadcrumb"},"inLanguage":"pt-PT","potentialAction":[{"@type":"ReadAction","target":["http:\/\/iseumdoslimitesdalua.com\/?page_id=146"]}]},{"@type":"ImageObject","inLanguage":"pt-PT","@id":"http:\/\/iseumdoslimitesdalua.com\/?page_id=146#primaryimage","url":"https:\/\/iseumdoslimitesdalua.com\/wp-content\/uploads\/2025\/07\/asetshemsu.gif","contentUrl":"https:\/\/iseumdoslimitesdalua.com\/wp-content\/uploads\/2025\/07\/asetshemsu.gif","width":400,"height":83},{"@type":"BreadcrumbList","@id":"http:\/\/iseumdoslimitesdalua.com\/?page_id=146#breadcrumb","itemListElement":[{"@type":"ListItem","position":1,"name":"Home","item":"http:\/\/iseumdoslimitesdalua.com\/"},{"@type":"ListItem","position":2,"name":"Manifesto da F.o.i."}]},{"@type":"WebSite","@id":"http:\/\/iseumdoslimitesdalua.com\/#website","url":"http:\/\/iseumdoslimitesdalua.com\/","name":"Iseum Dos Limites Da Lua","description":"","publisher":{"@id":"http:\/\/iseumdoslimitesdalua.com\/#organization"},"potentialAction":[{"@type":"SearchAction","target":{"@type":"EntryPoint","urlTemplate":"http:\/\/iseumdoslimitesdalua.com\/?s={search_term_string}"},"query-input":{"@type":"PropertyValueSpecification","valueRequired":true,"valueName":"search_term_string"}}],"inLanguage":"pt-PT"},{"@type":"Organization","@id":"http:\/\/iseumdoslimitesdalua.com\/#organization","name":"Iseum Dos Limites Da Lua","url":"http:\/\/iseumdoslimitesdalua.com\/","logo":{"@type":"ImageObject","inLanguage":"pt-PT","@id":"http:\/\/iseumdoslimitesdalua.com\/#\/schema\/logo\/image\/","url":"https:\/\/iseumdoslimitesdalua.com\/wp-content\/uploads\/2025\/12\/Untitled-design-5.png","contentUrl":"https:\/\/iseumdoslimitesdalua.com\/wp-content\/uploads\/2025\/12\/Untitled-design-5.png","width":500,"height":500,"caption":"Iseum Dos Limites Da Lua"},"image":{"@id":"http:\/\/iseumdoslimitesdalua.com\/#\/schema\/logo\/image\/"}}]}},"_links":{"self":[{"href":"https:\/\/iseumdoslimitesdalua.com\/index.php?rest_route=\/wp\/v2\/pages\/146","targetHints":{"allow":["GET"]}}],"collection":[{"href":"https:\/\/iseumdoslimitesdalua.com\/index.php?rest_route=\/wp\/v2\/pages"}],"about":[{"href":"https:\/\/iseumdoslimitesdalua.com\/index.php?rest_route=\/wp\/v2\/types\/page"}],"author":[{"embeddable":true,"href":"https:\/\/iseumdoslimitesdalua.com\/index.php?rest_route=\/wp\/v2\/users\/1"}],"replies":[{"embeddable":true,"href":"https:\/\/iseumdoslimitesdalua.com\/index.php?rest_route=%2Fwp%2Fv2%2Fcomments&post=146"}],"version-history":[{"count":1,"href":"https:\/\/iseumdoslimitesdalua.com\/index.php?rest_route=\/wp\/v2\/pages\/146\/revisions"}],"predecessor-version":[{"id":148,"href":"https:\/\/iseumdoslimitesdalua.com\/index.php?rest_route=\/wp\/v2\/pages\/146\/revisions\/148"}],"wp:featuredmedia":[{"embeddable":true,"href":"https:\/\/iseumdoslimitesdalua.com\/index.php?rest_route=\/wp\/v2\/media\/147"}],"wp:attachment":[{"href":"https:\/\/iseumdoslimitesdalua.com\/index.php?rest_route=%2Fwp%2Fv2%2Fmedia&parent=146"}],"curies":[{"name":"wp","href":"https:\/\/api.w.org\/{rel}","templated":true}]}}