{"id":114,"date":"2025-07-11T12:34:37","date_gmt":"2025-07-11T12:34:37","guid":{"rendered":"https:\/\/iseumdoslimitesdalua.com\/?page_id=114"},"modified":"2025-07-11T12:34:38","modified_gmt":"2025-07-11T12:34:38","slug":"outros-espacos","status":"publish","type":"page","link":"https:\/\/iseumdoslimitesdalua.com\/?page_id=114","title":{"rendered":"Outros Espa\u00e7os"},"content":{"rendered":"\n<p>Fico grata de teres explorado este Iseum. No entanto, se n\u00e3o coube de todo no teu caminho, n\u00e3o desistas! Muitos espa\u00e7os e caminhos pag\u00e3os podem ser encontrados em Portugal e arredores. Tens aqui mais alguns que podes gostar de conhecer.&nbsp;<\/p>\n\n\n\n<p><strong>Da linhagem da F.O.I. :<\/strong><\/p>\n\n\n\n<p><em><a href=\"https:\/\/www.blogger.com\/blog\/page\/edit\/7072134808980055738\/4547181202983666653#\">Iseum do Caminho da Terra&nbsp;<\/a><\/em><\/p>\n\n\n\n<p>Este \u00e9 o Iseum da minha iniciadora, Alexia Moon, que tem como foco as Senhoras Hel\u00e9nicas, em especial Hekate e Persefone.&nbsp;<\/p>\n\n\n\n<p><em><a href=\"https:\/\/www.blogger.com\/blog\/page\/edit\/7072134808980055738\/4547181202983666653#\">Iseum Per Anj Luz de Sotis<\/a><\/em><\/p>\n\n\n\n<p>Este \u00e9 o Iseum da iniciadora da minha iniciadora, Aradia Moon, na Espanha, com foco em Morr\u00edgan, Isis e Hekate.&nbsp;<\/p>\n\n\n\n<p><strong>Espa\u00e7os recomendados:<\/strong><\/p>\n\n\n\n<p><em><a href=\"https:\/\/www.blogger.com\/blog\/page\/edit\/7072134808980055738\/4547181202983666653#\">Templo de Inanna e Astarte<\/a><\/em><\/p>\n\n\n\n<p>Este \u00e9 um templo em Portugal dedicado a divindades Sum\u00e9rias, em especial Inanna e Astarte.&nbsp;<\/p>\n\n\n\n<p><em><a href=\"https:\/\/www.blogger.com\/blog\/page\/edit\/7072134808980055738\/4547181202983666653#\">Coven de Tomar<\/a><\/em><\/p>\n\n\n\n<p>Este \u00e9 um Coven Wiccano da tradi\u00e7\u00e3o Alexandrina em Portugal, que venera a Deusa e o Deus.&nbsp;<\/p>\n\n\n\n<p><em><a href=\"https:\/\/www.blogger.com\/blog\/page\/edit\/7072134808980055738\/4547181202983666653#\">Pagan Federation<\/a><\/em><\/p>\n\n\n\n<p>Uma associa\u00e7\u00e3o do caminho pag\u00e3o, internacional e nacional.&nbsp;<\/p>\n","protected":false},"excerpt":{"rendered":"<p>Fico grata de teres explorado este Iseum. No entanto, se n\u00e3o coube de todo no teu caminho, n\u00e3o desistas! Muitos espa\u00e7os e caminhos pag\u00e3os podem ser encontrados em Portugal e arredores. Tens aqui mais alguns que podes gostar de conhecer.&nbsp; Da linhagem da F.O.I. : Iseum do Caminho da Terra&nbsp; Este \u00e9 o Iseum da [&hellip;]<\/p>\n","protected":false},"author":1,"featured_media":0,"parent":0,"menu_order":0,"comment_status":"closed","ping_status":"closed","template":"","meta":{"footnotes":""},"class_list":["post-114","page","type-page","status-publish","hentry"],"yoast_head":"<!-- This site is optimized with the Yoast SEO plugin v25.6 - https:\/\/yoast.com\/wordpress\/plugins\/seo\/ -->\n<title>Outros Espa\u00e7os - Iseum dos Limites da Lua<\/title>\n<meta name=\"robots\" content=\"index, follow, max-snippet:-1, max-image-preview:large, max-video-preview:-1\" \/>\n<link rel=\"canonical\" href=\"http:\/\/iseumdoslimitesdalua.com\/?page_id=114\" \/>\n<meta property=\"og:locale\" content=\"pt_PT\" \/>\n<meta property=\"og:type\" content=\"article\" \/>\n<meta property=\"og:title\" content=\"Outros Espa\u00e7os - Iseum dos Limites da Lua\" \/>\n<meta property=\"og:description\" content=\"Fico grata de teres explorado este Iseum. No entanto, se n\u00e3o coube de todo no teu caminho, n\u00e3o desistas! Muitos espa\u00e7os e caminhos pag\u00e3os podem ser encontrados em Portugal e arredores. Tens aqui mais alguns que podes gostar de conhecer.&nbsp; Da linhagem da F.O.I. : Iseum do Caminho da Terra&nbsp; Este \u00e9 o Iseum da [&hellip;]\" \/>\n<meta property=\"og:url\" content=\"http:\/\/iseumdoslimitesdalua.com\/?page_id=114\" \/>\n<meta property=\"og:site_name\" content=\"Iseum dos Limites da Lua\" \/>\n<meta property=\"article:modified_time\" content=\"2025-07-11T12:34:38+00:00\" \/>\n<meta name=\"twitter:card\" content=\"summary_large_image\" \/>\n<meta name=\"twitter:label1\" content=\"Tempo estimado de leitura\" \/>\n\t<meta name=\"twitter:data1\" content=\"1 minuto\" \/>\n<script type=\"application\/ld+json\" class=\"yoast-schema-graph\">{\"@context\":\"https:\/\/schema.org\",\"@graph\":[{\"@type\":\"WebPage\",\"@id\":\"http:\/\/iseumdoslimitesdalua.com\/?page_id=114\",\"url\":\"http:\/\/iseumdoslimitesdalua.com\/?page_id=114\",\"name\":\"Outros Espa\u00e7os - Iseum dos Limites da Lua\",\"isPartOf\":{\"@id\":\"http:\/\/iseumdoslimitesdalua.com\/#website\"},\"datePublished\":\"2025-07-11T12:34:37+00:00\",\"dateModified\":\"2025-07-11T12:34:38+00:00\",\"breadcrumb\":{\"@id\":\"http:\/\/iseumdoslimitesdalua.com\/?page_id=114#breadcrumb\"},\"inLanguage\":\"pt-PT\",\"potentialAction\":[{\"@type\":\"ReadAction\",\"target\":[\"http:\/\/iseumdoslimitesdalua.com\/?page_id=114\"]}]},{\"@type\":\"BreadcrumbList\",\"@id\":\"http:\/\/iseumdoslimitesdalua.com\/?page_id=114#breadcrumb\",\"itemListElement\":[{\"@type\":\"ListItem\",\"position\":1,\"name\":\"Home\",\"item\":\"http:\/\/iseumdoslimitesdalua.com\/\"},{\"@type\":\"ListItem\",\"position\":2,\"name\":\"Outros Espa\u00e7os\"}]},{\"@type\":\"WebSite\",\"@id\":\"http:\/\/iseumdoslimitesdalua.com\/#website\",\"url\":\"http:\/\/iseumdoslimitesdalua.com\/\",\"name\":\"Iseum Dos Limites Da Lua\",\"description\":\"\",\"publisher\":{\"@id\":\"http:\/\/iseumdoslimitesdalua.com\/#organization\"},\"potentialAction\":[{\"@type\":\"SearchAction\",\"target\":{\"@type\":\"EntryPoint\",\"urlTemplate\":\"http:\/\/iseumdoslimitesdalua.com\/?s={search_term_string}\"},\"query-input\":{\"@type\":\"PropertyValueSpecification\",\"valueRequired\":true,\"valueName\":\"search_term_string\"}}],\"inLanguage\":\"pt-PT\"},{\"@type\":\"Organization\",\"@id\":\"http:\/\/iseumdoslimitesdalua.com\/#organization\",\"name\":\"Iseum Dos Limites Da Lua\",\"url\":\"http:\/\/iseumdoslimitesdalua.com\/\",\"logo\":{\"@type\":\"ImageObject\",\"inLanguage\":\"pt-PT\",\"@id\":\"http:\/\/iseumdoslimitesdalua.com\/#\/schema\/logo\/image\/\",\"url\":\"https:\/\/iseumdoslimitesdalua.com\/wp-content\/uploads\/2025\/12\/Untitled-design-5.png\",\"contentUrl\":\"https:\/\/iseumdoslimitesdalua.com\/wp-content\/uploads\/2025\/12\/Untitled-design-5.png\",\"width\":500,\"height\":500,\"caption\":\"Iseum Dos Limites Da Lua\"},\"image\":{\"@id\":\"http:\/\/iseumdoslimitesdalua.com\/#\/schema\/logo\/image\/\"}}]}<\/script>\n<!-- \/ Yoast SEO plugin. -->","yoast_head_json":{"title":"Outros Espa\u00e7os - Iseum dos Limites da Lua","robots":{"index":"index","follow":"follow","max-snippet":"max-snippet:-1","max-image-preview":"max-image-preview:large","max-video-preview":"max-video-preview:-1"},"canonical":"http:\/\/iseumdoslimitesdalua.com\/?page_id=114","og_locale":"pt_PT","og_type":"article","og_title":"Outros Espa\u00e7os - Iseum dos Limites da Lua","og_description":"Fico grata de teres explorado este Iseum. No entanto, se n\u00e3o coube de todo no teu caminho, n\u00e3o desistas! Muitos espa\u00e7os e caminhos pag\u00e3os podem ser encontrados em Portugal e arredores. Tens aqui mais alguns que podes gostar de conhecer.&nbsp; Da linhagem da F.O.I. : Iseum do Caminho da Terra&nbsp; Este \u00e9 o Iseum da [&hellip;]","og_url":"http:\/\/iseumdoslimitesdalua.com\/?page_id=114","og_site_name":"Iseum dos Limites da Lua","article_modified_time":"2025-07-11T12:34:38+00:00","twitter_card":"summary_large_image","twitter_misc":{"Tempo estimado de leitura":"1 minuto"},"schema":{"@context":"https:\/\/schema.org","@graph":[{"@type":"WebPage","@id":"http:\/\/iseumdoslimitesdalua.com\/?page_id=114","url":"http:\/\/iseumdoslimitesdalua.com\/?page_id=114","name":"Outros Espa\u00e7os - Iseum dos Limites da Lua","isPartOf":{"@id":"http:\/\/iseumdoslimitesdalua.com\/#website"},"datePublished":"2025-07-11T12:34:37+00:00","dateModified":"2025-07-11T12:34:38+00:00","breadcrumb":{"@id":"http:\/\/iseumdoslimitesdalua.com\/?page_id=114#breadcrumb"},"inLanguage":"pt-PT","potentialAction":[{"@type":"ReadAction","target":["http:\/\/iseumdoslimitesdalua.com\/?page_id=114"]}]},{"@type":"BreadcrumbList","@id":"http:\/\/iseumdoslimitesdalua.com\/?page_id=114#breadcrumb","itemListElement":[{"@type":"ListItem","position":1,"name":"Home","item":"http:\/\/iseumdoslimitesdalua.com\/"},{"@type":"ListItem","position":2,"name":"Outros Espa\u00e7os"}]},{"@type":"WebSite","@id":"http:\/\/iseumdoslimitesdalua.com\/#website","url":"http:\/\/iseumdoslimitesdalua.com\/","name":"Iseum Dos Limites Da Lua","description":"","publisher":{"@id":"http:\/\/iseumdoslimitesdalua.com\/#organization"},"potentialAction":[{"@type":"SearchAction","target":{"@type":"EntryPoint","urlTemplate":"http:\/\/iseumdoslimitesdalua.com\/?s={search_term_string}"},"query-input":{"@type":"PropertyValueSpecification","valueRequired":true,"valueName":"search_term_string"}}],"inLanguage":"pt-PT"},{"@type":"Organization","@id":"http:\/\/iseumdoslimitesdalua.com\/#organization","name":"Iseum Dos Limites Da Lua","url":"http:\/\/iseumdoslimitesdalua.com\/","logo":{"@type":"ImageObject","inLanguage":"pt-PT","@id":"http:\/\/iseumdoslimitesdalua.com\/#\/schema\/logo\/image\/","url":"https:\/\/iseumdoslimitesdalua.com\/wp-content\/uploads\/2025\/12\/Untitled-design-5.png","contentUrl":"https:\/\/iseumdoslimitesdalua.com\/wp-content\/uploads\/2025\/12\/Untitled-design-5.png","width":500,"height":500,"caption":"Iseum Dos Limites Da Lua"},"image":{"@id":"http:\/\/iseumdoslimitesdalua.com\/#\/schema\/logo\/image\/"}}]}},"_links":{"self":[{"href":"https:\/\/iseumdoslimitesdalua.com\/index.php?rest_route=\/wp\/v2\/pages\/114","targetHints":{"allow":["GET"]}}],"collection":[{"href":"https:\/\/iseumdoslimitesdalua.com\/index.php?rest_route=\/wp\/v2\/pages"}],"about":[{"href":"https:\/\/iseumdoslimitesdalua.com\/index.php?rest_route=\/wp\/v2\/types\/page"}],"author":[{"embeddable":true,"href":"https:\/\/iseumdoslimitesdalua.com\/index.php?rest_route=\/wp\/v2\/users\/1"}],"replies":[{"embeddable":true,"href":"https:\/\/iseumdoslimitesdalua.com\/index.php?rest_route=%2Fwp%2Fv2%2Fcomments&post=114"}],"version-history":[{"count":2,"href":"https:\/\/iseumdoslimitesdalua.com\/index.php?rest_route=\/wp\/v2\/pages\/114\/revisions"}],"predecessor-version":[{"id":142,"href":"https:\/\/iseumdoslimitesdalua.com\/index.php?rest_route=\/wp\/v2\/pages\/114\/revisions\/142"}],"wp:attachment":[{"href":"https:\/\/iseumdoslimitesdalua.com\/index.php?rest_route=%2Fwp%2Fv2%2Fmedia&parent=114"}],"curies":[{"name":"wp","href":"https:\/\/api.w.org\/{rel}","templated":true}]}}