{"id":107,"date":"2025-07-11T11:00:51","date_gmt":"2025-07-11T11:00:51","guid":{"rendered":"https:\/\/iseumdoslimitesdalua.com\/?page_id=107"},"modified":"2025-07-11T14:45:51","modified_gmt":"2025-07-11T14:45:51","slug":"faq-iseum-dos-limites-da-lua","status":"publish","type":"page","link":"https:\/\/iseumdoslimitesdalua.com\/?page_id=107","title":{"rendered":"Perguntas"},"content":{"rendered":"\n<div class=\"wp-block-group alignfull has-base-color has-custom-color-6-background-color has-text-color has-background has-link-color wp-elements-933f79e11666448d810725005ecde848 has-global-padding is-layout-constrained wp-container-core-group-is-layout-d89aad35 wp-block-group-is-layout-constrained\" style=\"margin-top:0;margin-bottom:0;padding-top:var(--wp--preset--spacing--50);padding-right:var(--wp--preset--spacing--50);padding-bottom:var(--wp--preset--spacing--50);padding-left:var(--wp--preset--spacing--50)\">\n<h2 class=\"wp-block-heading alignwide has-base-color has-text-color has-link-color wp-elements-c1cc53e89ed0e6ae61ade69d8ff6da53\" style=\"font-size:clamp(4.509rem, 4.509rem + ((1vw - 0.2rem) * 9.152), 10rem);letter-spacing:-0.02em\">F.A.Q<\/h2>\n\n\n\n<div class=\"wp-block-group alignwide is-layout-flow wp-block-group-is-layout-flow\">\n<hr class=\"wp-block-separator has-text-color has-base-color has-alpha-channel-opacity has-base-background-color has-background is-style-wide\" style=\"margin-top:var(--wp--preset--spacing--30);margin-bottom:var(--wp--preset--spacing--30)\"\/>\n\n\n\n<h3 class=\"wp-block-heading alignwide has-base-2-color has-text-color has-link-color wp-elements-8b8eb7ca1e06194b9cd6735281771a7f\"><strong>O Iseum dos Limites da Lua tem espa\u00e7o f\u00edsico?<\/strong><\/h3>\n\n\n\n<p class=\"has-contrast-1-color has-text-color has-link-color wp-elements-ecbfd901fac30181a5ffeebe98ce99ad\">O I.L.L. de momento tem apenas este espa\u00e7o online e o espa\u00e7o dom\u00e9stico da Sacerdos. Quanto mais apoio, mais as hip\u00f3teses de um dia virmos a ter um espa\u00e7o f\u00edsico, que requer muita organiza\u00e7\u00e3o e fundos. No entanto, rituais podem acontecer em conjunto em p\u00fablico, fora do espa\u00e7o dom\u00e9stico.<\/p>\n\n\n\n<hr class=\"wp-block-separator has-text-color has-base-color has-alpha-channel-opacity has-base-background-color has-background is-style-wide\" style=\"margin-top:var(--wp--preset--spacing--30);margin-bottom:var(--wp--preset--spacing--30)\"\/>\n\n\n\n<h3 class=\"wp-block-heading alignwide has-base-2-color has-text-color has-link-color wp-elements-7f298f2425e7c0946faf0bbc8186edbb\"><strong>Porqu\u00ea a palavra &#8220;Sacerdos&#8221; e a linguagem neutra no website?<\/strong><\/h3>\n\n\n\n<p class=\"has-contrast-1-color has-text-color has-link-color wp-elements-ffbd6923d72d44495ef5f3200d3925fd\">Nos nossos pilares inclu\u00edmos a luta LGBTQ+. A Sacerdos deste espa\u00e7o espiritual \u00e9 l\u00e9sbica e n\u00e3o-bin\u00e1ria, e o Divino e Liminal \u00e9 visto sob uma lente queer. Visamos promover a inclus\u00e3o no paganismo, para n\u00e3o mais pessoas queer, trans, racializadas ou incapacitadas se sentirem excluidas deste caminho religioso. A palavra &#8220;Sacerdos&#8221; vem do latim, em que pode descrever tanto homens como mulheres em fun\u00e7\u00f5es sacerdotais dependendo do seu contexto, n\u00e3o tendo conota\u00e7\u00e3o de g\u00e9nero por si s\u00f3. Se isso \u00e9 algo que te incomoda, \u00e9 recomendada introspe\u00e7\u00e3o e desconstru\u00e7\u00e3o desse incomodo antes de tentares interagir com este espa\u00e7o.&nbsp;<\/p>\n\n\n\n<hr class=\"wp-block-separator has-text-color has-base-color has-alpha-channel-opacity has-base-background-color has-background is-style-wide\" style=\"margin-top:var(--wp--preset--spacing--30);margin-bottom:var(--wp--preset--spacing--30)\"\/>\n\n\n\n<h3 class=\"wp-block-heading alignwide has-base-2-color has-text-color has-link-color wp-elements-1eb8563177a1dd5f51f19c2168306ee1\"><strong>O que \u00e9 um Iseum?<\/strong><\/h3>\n\n\n\n<p class=\"has-contrast-1-color has-text-color has-link-color wp-elements-2df0e1f8fa3fbe8ed9d5d505bdc5a763\">Iseum, como o nome indica, vem de Isis. \u00c9 um &#8220;Lar da Deusa&#8221; criado sob a asa da Deusa Isis da F.O.I. &#8211; este nome representa n\u00e3o s\u00f3 uma linhagem especifica, como um caminho e m\u00e9todo de aprendizagem pr\u00f3prios a esta organiza\u00e7\u00e3o &#8211; mas, para simplificar, acaba por ser algo entre um Templo e um Coven. Cada Iseum tem magia e divindades espec\u00edficas, criadas por Sacerdotes\/Sacerdotisas\/Sacerdos que se especializam nelas, e t\u00eam os seus pr\u00f3prios membros tamb\u00e9m registados na F.O.I.. Um Iseum surge com fun\u00e7\u00f5es espec\u00edficas e inspiradas pelas suas Divindades, podendo ir de fun\u00e7\u00f5es oraculares, cura, estudo, ensino, e muito mais. As do I.L.L. s\u00e3o de criatividade e inclus\u00e3o.<\/p>\n\n\n\n<hr class=\"wp-block-separator has-text-color has-base-color has-alpha-channel-opacity has-base-background-color has-background is-style-wide\" style=\"margin-top:var(--wp--preset--spacing--30);margin-bottom:var(--wp--preset--spacing--30)\"\/>\n\n\n\n<h3 class=\"wp-block-heading alignwide has-base-2-color has-text-color has-link-color wp-elements-54b088e63364e656fd04d677003dc5e6\"><strong>Tenho de venerar Nabia e Ataegina para ser aconselhade ou iniciade pelo I.L.L.?<\/strong><\/h3>\n\n\n\n<p class=\"has-contrast-1-color has-text-color has-link-color wp-elements-dc45becea4334776cbae96d4b997960f\">N\u00e3o! Nem sequer tens de venerar o pante\u00e3o ib\u00e9rico. Ali\u00e1s, nem sequer tens de venerar um pante\u00e3o no seu sentido pag\u00e3o mais tradicional &#8211; at\u00e9 podes venerar santos, orix\u00e1s, goetia, ou algo mais geral como o Universo. Somos flex\u00edveis com a nossa defini\u00e7\u00e3o de paganismo, e adoramos conhecer as formas criativas como as pessoas moldam as religi\u00f5es que conhecemos \u00e0 sua exist\u00eancia pessoal. Nabia e Ataegina s\u00e3o protetoras do Iseum e inspiram a sua fun\u00e7\u00e3o, mas n\u00e3o \u00e9 obrigat\u00f3rio seres devote. Tens apenas de concordar com os&nbsp;Pilares do Iseum e agir de acordo com eles.&nbsp;<\/p>\n\n\n\n<hr class=\"wp-block-separator has-text-color has-base-color has-alpha-channel-opacity has-base-background-color has-background is-style-wide\" style=\"margin-top:var(--wp--preset--spacing--30);margin-bottom:var(--wp--preset--spacing--30)\"\/>\n\n\n\n<h3 class=\"wp-block-heading alignwide has-base-2-color has-text-color has-link-color wp-elements-3e67de71acae58344acef2b6c4bbd9b5\"><strong><strong>O que implica ser Sacerdos?<\/strong><\/strong><\/h3>\n\n\n\n<p class=\"has-contrast-1-color has-text-color has-link-color wp-elements-26a6e93c0950cd81d9e94a5936099997\">Sacerdos t\u00eam fun\u00e7\u00f5es gerais e fun\u00e7\u00f5es espec\u00edficas. Nas fun\u00e7\u00f5es gerais, temos aquilo que normalmente esperamos de uma figura religiosa &#8211; guiar, ensinar, casamentos, funerais, etc. Pode ainda iniciar outros Sacerdos se assim decidir. As fun\u00e7\u00f5es espec\u00edficas s\u00e3o inspiradas pelos Deuses a que \u00e9 devote &#8211; Sacerdos Rosa, por exemplo, tem como fun\u00e7\u00e3o criar hist\u00f3rias e imagens dos Deuses e promover a inclus\u00e3o e justi\u00e7a.<\/p>\n\n\n\n<hr class=\"wp-block-separator has-text-color has-base-color has-alpha-channel-opacity has-base-background-color has-background is-style-wide\" style=\"margin-top:var(--wp--preset--spacing--30);margin-bottom:var(--wp--preset--spacing--30)\"\/>\n\n\n\n<h3 class=\"wp-block-heading alignwide has-base-2-color has-text-color has-link-color wp-elements-fe4b89e4e0f49d63fdb1afbb95f1ad26\"><strong><strong>Podes iniciar\/treinar-me?<\/strong><\/strong><\/h3>\n\n\n\n<p class=\"has-contrast-1-color has-text-color has-link-color wp-elements-8f4578961c3cc76cfaa0179cdc996fbb\">Por enquanto n\u00e3o. Ainda \u00e9 muito cedo. Recomendo que perguntes \u00e0 iniciadora da Sacerdos,&nbsp;<a href=\"https:\/\/www.blogger.com\/blog\/page\/edit\/7072134808980055738\/1205855472554524554#\">Alexia Moon<\/a>, se estiveres com muita \u00e2nsia de come\u00e7ar, mas fica o aviso j\u00e1 que existe um grande per\u00edodo de espera em geral.&nbsp;<\/p>\n\n\n\n<hr class=\"wp-block-separator has-text-color has-base-color has-alpha-channel-opacity has-base-background-color has-background is-style-wide\" style=\"margin-top:var(--wp--preset--spacing--30);margin-bottom:var(--wp--preset--spacing--30)\"\/>\n\n\n\n<h3 class=\"wp-block-heading alignwide has-base-2-color has-text-color has-link-color wp-elements-213e580c0fa10b01f270b5a0f487a2f9\"><strong>Como funciona uma inicia\u00e7\u00e3o?<\/strong><\/h3>\n\n\n\n<p class=\"has-contrast-1-color has-text-color has-link-color wp-elements-6d502faf639c4f006d963cbe353f4ecc\">Dentro da F.O.I. e seguindo o padr\u00e3o da minha pr\u00f3pria iniciadora, um treino sacerdotal \u00e9 completamente privado e leva min. 1 e max. 4 anos. Durante o mesmo, \u00e9 trabalhada a conex\u00e3o ao Divino e futuras fun\u00e7\u00f5es sacerdotais, com um curr\u00edculo de ensino \u00fanico a cada Sacerdos, que inclui tamb\u00e9m as liturgias da F.O.I. e ritual de inicia\u00e7\u00e3o final, todas dispon\u00edveis para consulta no seu website. <\/p>\n\n\n\n<hr class=\"wp-block-separator has-text-color has-base-color has-alpha-channel-opacity has-base-background-color has-background is-style-wide\" style=\"margin-top:var(--wp--preset--spacing--30);margin-bottom:var(--wp--preset--spacing--30)\"\/>\n\n\n\n<h3 class=\"wp-block-heading alignwide has-base-2-color has-text-color has-link-color wp-elements-e8e0f8e927825b43e033a9dac0d9080a\"><strong>Podes ensinar-me a ser pag\u00e3o?<\/strong><\/h3>\n\n\n\n<p class=\"has-contrast-1-color has-text-color has-link-color wp-elements-ce4acddafff48d6af436f70e4f70bf46\">Uma religi\u00e3o n\u00e3o \u00e9 algo que se ensina, propriamente. Posso guiar-te nas decis\u00f5es a tomar acerca do teu caminho, mas a tua f\u00e9, ningu\u00e9m decide por ti. O que encontras neste Iseum \u00e9 fruto de anos de auto-descoberta, pesquisa e gnose pessoal &#8211; e muita tentativa e erro. O belo do paganismo \u00e9 que n\u00e3o existe uma \u00fanica forma correta de fazer as coisas, n\u00e3o temos um grande livro de regras sobre ser um &#8220;bom pag\u00e3o&#8221;. Se gostares do caminho presente no Iseum, experimenta conectar-te com a tua f\u00e9 desta forma. Se n\u00e3o funcionar, tamb\u00e9m n\u00e3o faz mal. H\u00e1 sempre um caminho para ti. <\/p>\n\n\n\n<hr class=\"wp-block-separator has-text-color has-base-color has-alpha-channel-opacity has-base-background-color has-background is-style-wide\" style=\"margin-top:var(--wp--preset--spacing--30);margin-bottom:var(--wp--preset--spacing--30)\"\/>\n\n\n\n<h3 class=\"wp-block-heading alignwide has-base-2-color has-text-color has-link-color wp-elements-c08a5060c751f9fde16d501dbec0cd3f\"><strong>O que \u00e9<\/strong> o Divino Queer?<\/h3>\n\n\n\n<p class=\"has-contrast-1-color has-text-color has-link-color wp-elements-e317cf26b0bfb5e8c6128280f5c5163d\">O Divino Queer \u00e9 tanto uma extens\u00e3o como uma cr\u00edtica ao Divino Feminino &#8211; da\u00ed conseguir existir dentro da F.O.I., dedicada ao Sagrado Feminino. Tal como o movimento queer come\u00e7a aliado ao movimento feminista, atrav\u00e9s do reconhecimento que pessoas queer sofrem a mesma opress\u00e3o do patriarcado e muitas delas s\u00e3o tamb\u00e9m mulheres, assim \u00e9 o Divino Queer. O movimento do Divino Feminino surge, na sua base, como forma de contestar as ideias que colocavam uma energia masculina ao topo do conceito de Divino &#8211; uma foram de dizer &#8220;Mulheres tamb\u00e9m s\u00e3o Divinas&#8221;. O Divino Queer, \u00e9, por extens\u00e3o, uma forma de contestar a ideia que o Divino \u00e9 sempre heterossexual e cisg\u00e9nero, que existe sempre uma rela\u00e7\u00e3o masculino\/feminino. Apesar de ser aliado \u00e0 ideia de reconhecer o Divino na Mulher, \u00e9, ao mesmo tempo, cr\u00edtica do mesmo. Infelizmente, como acontece com muitas pr\u00e1ticas e ideologias, a do Sagrado Feminino j\u00e1 foi muitas vezes instrumentalizada para tentar limitar o que deve ser uma mulher (tal como cren\u00e7as patriarcais tentam fazer) e excluir pessoas queer no seu processo &#8211; como mulheres l\u00e9sbicas e mulheres trans. Afirmando que o Divino \u00e9 Queer, estamos a reconhecer o Divino em todos n\u00f3s, de forma interseccional. Veneramos o Natural. O Divino \u00e9 Natural, e todas as nossas exist\u00eancias tamb\u00e9m o s\u00e3o.<\/p>\n\n\n\n<hr class=\"wp-block-separator has-text-color has-base-color has-alpha-channel-opacity has-base-background-color has-background is-style-wide\" style=\"margin-top:var(--wp--preset--spacing--30);margin-bottom:var(--wp--preset--spacing--30)\"\/>\n\n\n\n<h3 class=\"wp-block-heading alignwide has-base-2-color has-text-color has-link-color wp-elements-5a10c04c0a61c30aa3053ba1d5259ff5\"><strong>Quem faz a arte do Iseum?<\/strong><\/h3>\n\n\n\n<p class=\"has-contrast-1-color has-text-color has-link-color wp-elements-708e392c457b855306aa9dd1afa8f412\">Toda a arte que encontras no Iseum \u00e9 arte devocional feita por Mora Sininho Rosa. Como n\u00e3o existem tantas imagens dos Deuses e Fadas ib\u00e9ricas, o seu trabalho sacerdotal \u00e9 criar as mesmas para poderem ser partilhadas como fonte de inspira\u00e7\u00e3o. N\u00f3s somos pessoas visuais, e ter imagens do Divino ajuda \u00e1 conex\u00e3o com o mesmo. Todas as imagens que encontrares neste espa\u00e7o s\u00e3o de uso livre para fins pessoais e de partilha comunit\u00e1ria, mas n\u00e3o para fins comerciais &#8211; e u sacerdos agradece sempre mencionar a sua autoria quando poss\u00edvel. <\/p>\n\n\n\n<hr class=\"wp-block-separator has-text-color has-base-color has-alpha-channel-opacity has-base-background-color has-background is-style-wide\" style=\"margin-top:var(--wp--preset--spacing--30);margin-bottom:var(--wp--preset--spacing--30)\"\/>\n\n\n\n<h3 class=\"wp-block-heading alignwide has-base-2-color has-text-color has-link-color wp-elements-2b48e081fa8cb2218cbd4bcc07055d1d\"><\/h3>\n\n\n\n<p class=\"has-contrast-1-color has-text-color has-link-color wp-elements-2bb2586655a8041313fc075457f871d6\"><strong><em>Se tens alguma d\u00favida que n\u00e3o est\u00e1 aqui, envia email para iseumdoslimitesdalua@gmail.com ou contacta as redes sociais du Sacerdos @rosasininho<\/em><\/strong><\/p>\n<\/div>\n<\/div>\n","protected":false},"excerpt":{"rendered":"<p>F.A.Q O Iseum dos Limites da Lua tem espa\u00e7o f\u00edsico? O I.L.L. de momento tem apenas este espa\u00e7o online e o espa\u00e7o dom\u00e9stico da Sacerdos. Quanto mais apoio, mais as hip\u00f3teses de um dia virmos a ter um espa\u00e7o f\u00edsico, que requer muita organiza\u00e7\u00e3o e fundos. No entanto, rituais podem acontecer em conjunto em p\u00fablico, [&hellip;]<\/p>\n","protected":false},"author":1,"featured_media":0,"parent":0,"menu_order":0,"comment_status":"closed","ping_status":"closed","template":"","meta":{"footnotes":""},"class_list":["post-107","page","type-page","status-publish","hentry"],"yoast_head":"<!-- This site is optimized with the Yoast SEO plugin v25.6 - https:\/\/yoast.com\/wordpress\/plugins\/seo\/ -->\n<title>Perguntas - Iseum dos Limites da Lua<\/title>\n<meta name=\"robots\" content=\"index, follow, max-snippet:-1, max-image-preview:large, max-video-preview:-1\" \/>\n<link rel=\"canonical\" href=\"http:\/\/iseumdoslimitesdalua.com\/?page_id=107\" \/>\n<meta property=\"og:locale\" content=\"pt_PT\" \/>\n<meta property=\"og:type\" content=\"article\" \/>\n<meta property=\"og:title\" content=\"Perguntas - Iseum dos Limites da Lua\" \/>\n<meta property=\"og:description\" content=\"F.A.Q O Iseum dos Limites da Lua tem espa\u00e7o f\u00edsico? O I.L.L. de momento tem apenas este espa\u00e7o online e o espa\u00e7o dom\u00e9stico da Sacerdos. Quanto mais apoio, mais as hip\u00f3teses de um dia virmos a ter um espa\u00e7o f\u00edsico, que requer muita organiza\u00e7\u00e3o e fundos. No entanto, rituais podem acontecer em conjunto em p\u00fablico, [&hellip;]\" \/>\n<meta property=\"og:url\" content=\"http:\/\/iseumdoslimitesdalua.com\/?page_id=107\" \/>\n<meta property=\"og:site_name\" content=\"Iseum dos Limites da Lua\" \/>\n<meta property=\"article:modified_time\" content=\"2025-07-11T14:45:51+00:00\" \/>\n<meta name=\"twitter:card\" content=\"summary_large_image\" \/>\n<meta name=\"twitter:label1\" content=\"Tempo estimado de leitura\" \/>\n\t<meta name=\"twitter:data1\" content=\"6 minutos\" \/>\n<script type=\"application\/ld+json\" class=\"yoast-schema-graph\">{\"@context\":\"https:\/\/schema.org\",\"@graph\":[{\"@type\":\"WebPage\",\"@id\":\"http:\/\/iseumdoslimitesdalua.com\/?page_id=107\",\"url\":\"http:\/\/iseumdoslimitesdalua.com\/?page_id=107\",\"name\":\"Perguntas - Iseum dos Limites da Lua\",\"isPartOf\":{\"@id\":\"http:\/\/iseumdoslimitesdalua.com\/#website\"},\"datePublished\":\"2025-07-11T11:00:51+00:00\",\"dateModified\":\"2025-07-11T14:45:51+00:00\",\"breadcrumb\":{\"@id\":\"http:\/\/iseumdoslimitesdalua.com\/?page_id=107#breadcrumb\"},\"inLanguage\":\"pt-PT\",\"potentialAction\":[{\"@type\":\"ReadAction\",\"target\":[\"http:\/\/iseumdoslimitesdalua.com\/?page_id=107\"]}]},{\"@type\":\"BreadcrumbList\",\"@id\":\"http:\/\/iseumdoslimitesdalua.com\/?page_id=107#breadcrumb\",\"itemListElement\":[{\"@type\":\"ListItem\",\"position\":1,\"name\":\"Home\",\"item\":\"http:\/\/iseumdoslimitesdalua.com\/\"},{\"@type\":\"ListItem\",\"position\":2,\"name\":\"Perguntas\"}]},{\"@type\":\"WebSite\",\"@id\":\"http:\/\/iseumdoslimitesdalua.com\/#website\",\"url\":\"http:\/\/iseumdoslimitesdalua.com\/\",\"name\":\"Iseum Dos Limites Da Lua\",\"description\":\"\",\"publisher\":{\"@id\":\"http:\/\/iseumdoslimitesdalua.com\/#organization\"},\"potentialAction\":[{\"@type\":\"SearchAction\",\"target\":{\"@type\":\"EntryPoint\",\"urlTemplate\":\"http:\/\/iseumdoslimitesdalua.com\/?s={search_term_string}\"},\"query-input\":{\"@type\":\"PropertyValueSpecification\",\"valueRequired\":true,\"valueName\":\"search_term_string\"}}],\"inLanguage\":\"pt-PT\"},{\"@type\":\"Organization\",\"@id\":\"http:\/\/iseumdoslimitesdalua.com\/#organization\",\"name\":\"Iseum Dos Limites Da Lua\",\"url\":\"http:\/\/iseumdoslimitesdalua.com\/\",\"logo\":{\"@type\":\"ImageObject\",\"inLanguage\":\"pt-PT\",\"@id\":\"http:\/\/iseumdoslimitesdalua.com\/#\/schema\/logo\/image\/\",\"url\":\"https:\/\/iseumdoslimitesdalua.com\/wp-content\/uploads\/2025\/12\/Untitled-design-5.png\",\"contentUrl\":\"https:\/\/iseumdoslimitesdalua.com\/wp-content\/uploads\/2025\/12\/Untitled-design-5.png\",\"width\":500,\"height\":500,\"caption\":\"Iseum Dos Limites Da Lua\"},\"image\":{\"@id\":\"http:\/\/iseumdoslimitesdalua.com\/#\/schema\/logo\/image\/\"}}]}<\/script>\n<!-- \/ Yoast SEO plugin. -->","yoast_head_json":{"title":"Perguntas - Iseum dos Limites da Lua","robots":{"index":"index","follow":"follow","max-snippet":"max-snippet:-1","max-image-preview":"max-image-preview:large","max-video-preview":"max-video-preview:-1"},"canonical":"http:\/\/iseumdoslimitesdalua.com\/?page_id=107","og_locale":"pt_PT","og_type":"article","og_title":"Perguntas - Iseum dos Limites da Lua","og_description":"F.A.Q O Iseum dos Limites da Lua tem espa\u00e7o f\u00edsico? O I.L.L. de momento tem apenas este espa\u00e7o online e o espa\u00e7o dom\u00e9stico da Sacerdos. Quanto mais apoio, mais as hip\u00f3teses de um dia virmos a ter um espa\u00e7o f\u00edsico, que requer muita organiza\u00e7\u00e3o e fundos. No entanto, rituais podem acontecer em conjunto em p\u00fablico, [&hellip;]","og_url":"http:\/\/iseumdoslimitesdalua.com\/?page_id=107","og_site_name":"Iseum dos Limites da Lua","article_modified_time":"2025-07-11T14:45:51+00:00","twitter_card":"summary_large_image","twitter_misc":{"Tempo estimado de leitura":"6 minutos"},"schema":{"@context":"https:\/\/schema.org","@graph":[{"@type":"WebPage","@id":"http:\/\/iseumdoslimitesdalua.com\/?page_id=107","url":"http:\/\/iseumdoslimitesdalua.com\/?page_id=107","name":"Perguntas - Iseum dos Limites da Lua","isPartOf":{"@id":"http:\/\/iseumdoslimitesdalua.com\/#website"},"datePublished":"2025-07-11T11:00:51+00:00","dateModified":"2025-07-11T14:45:51+00:00","breadcrumb":{"@id":"http:\/\/iseumdoslimitesdalua.com\/?page_id=107#breadcrumb"},"inLanguage":"pt-PT","potentialAction":[{"@type":"ReadAction","target":["http:\/\/iseumdoslimitesdalua.com\/?page_id=107"]}]},{"@type":"BreadcrumbList","@id":"http:\/\/iseumdoslimitesdalua.com\/?page_id=107#breadcrumb","itemListElement":[{"@type":"ListItem","position":1,"name":"Home","item":"http:\/\/iseumdoslimitesdalua.com\/"},{"@type":"ListItem","position":2,"name":"Perguntas"}]},{"@type":"WebSite","@id":"http:\/\/iseumdoslimitesdalua.com\/#website","url":"http:\/\/iseumdoslimitesdalua.com\/","name":"Iseum Dos Limites Da Lua","description":"","publisher":{"@id":"http:\/\/iseumdoslimitesdalua.com\/#organization"},"potentialAction":[{"@type":"SearchAction","target":{"@type":"EntryPoint","urlTemplate":"http:\/\/iseumdoslimitesdalua.com\/?s={search_term_string}"},"query-input":{"@type":"PropertyValueSpecification","valueRequired":true,"valueName":"search_term_string"}}],"inLanguage":"pt-PT"},{"@type":"Organization","@id":"http:\/\/iseumdoslimitesdalua.com\/#organization","name":"Iseum Dos Limites Da Lua","url":"http:\/\/iseumdoslimitesdalua.com\/","logo":{"@type":"ImageObject","inLanguage":"pt-PT","@id":"http:\/\/iseumdoslimitesdalua.com\/#\/schema\/logo\/image\/","url":"https:\/\/iseumdoslimitesdalua.com\/wp-content\/uploads\/2025\/12\/Untitled-design-5.png","contentUrl":"https:\/\/iseumdoslimitesdalua.com\/wp-content\/uploads\/2025\/12\/Untitled-design-5.png","width":500,"height":500,"caption":"Iseum Dos Limites Da Lua"},"image":{"@id":"http:\/\/iseumdoslimitesdalua.com\/#\/schema\/logo\/image\/"}}]}},"_links":{"self":[{"href":"https:\/\/iseumdoslimitesdalua.com\/index.php?rest_route=\/wp\/v2\/pages\/107","targetHints":{"allow":["GET"]}}],"collection":[{"href":"https:\/\/iseumdoslimitesdalua.com\/index.php?rest_route=\/wp\/v2\/pages"}],"about":[{"href":"https:\/\/iseumdoslimitesdalua.com\/index.php?rest_route=\/wp\/v2\/types\/page"}],"author":[{"embeddable":true,"href":"https:\/\/iseumdoslimitesdalua.com\/index.php?rest_route=\/wp\/v2\/users\/1"}],"replies":[{"embeddable":true,"href":"https:\/\/iseumdoslimitesdalua.com\/index.php?rest_route=%2Fwp%2Fv2%2Fcomments&post=107"}],"version-history":[{"count":5,"href":"https:\/\/iseumdoslimitesdalua.com\/index.php?rest_route=\/wp\/v2\/pages\/107\/revisions"}],"predecessor-version":[{"id":179,"href":"https:\/\/iseumdoslimitesdalua.com\/index.php?rest_route=\/wp\/v2\/pages\/107\/revisions\/179"}],"wp:attachment":[{"href":"https:\/\/iseumdoslimitesdalua.com\/index.php?rest_route=%2Fwp%2Fv2%2Fmedia&parent=107"}],"curies":[{"name":"wp","href":"https:\/\/api.w.org\/{rel}","templated":true}]}}