{"id":105,"date":"2025-07-11T12:34:04","date_gmt":"2025-07-11T12:34:04","guid":{"rendered":"https:\/\/iseumdoslimitesdalua.com\/?page_id=105"},"modified":"2025-07-11T15:30:49","modified_gmt":"2025-07-11T15:30:49","slug":"servicos","status":"publish","type":"page","link":"https:\/\/iseumdoslimitesdalua.com\/?page_id=105","title":{"rendered":"Servi\u00e7os"},"content":{"rendered":"\n<p>Todos os servi\u00e7os aqui presentes s\u00e3o fun\u00e7\u00f5es sacerdotais oferecidas como servi\u00e7o \u00e0s Senhoras. Ou seja, s\u00e3o completamente gratuitos. No entanto, se assim for desejado por quem pede o servi\u00e7o, poder\u00e1 ser oferecida uma prenda \u00e0 Sacerdos pelo servi\u00e7o prestado. Tem em conta, antes de os pedires, que acontecem sempre sob a asa e pilares do Iseum, pelo que \u00e9 recomendado que concordes com os mesmos. <\/p>\n\n\n\n<h5 class=\"wp-block-heading\"><strong>Comunidade<\/strong><\/h5>\n\n\n\n<p>Sacerdos n\u00e3o s\u00e3o nada sem uma comunidade para a qual fazer o seu servi\u00e7o. Por isso, fornecemos forma de ter uma comunidade sob a asa do Iseum, com aconselhamento e atividades partilhadas. Esta \u00e9 uma ades\u00e3o informal que n\u00e3o significa estar numa ordem ou ter privil\u00e9gio de inicia\u00e7\u00e3o no futuro. \u00c9 apenas um espa\u00e7o partilhado e meio de comunica\u00e7\u00e3o com a Sacerdos. <\/p>\n\n\n\n<div class=\"wp-block-buttons is-content-justification-center is-layout-flex wp-container-core-buttons-is-layout-a89b3969 wp-block-buttons-is-layout-flex\">\n<div class=\"wp-block-button is-style-outline is-style-outline--1\"><a class=\"wp-block-button__link wp-element-button\" href=\"https:\/\/forms.gle\/n6vAwyRHqSFzSCvy6\">Formul\u00e1rio de ades\u00e3o<\/a><\/div>\n<\/div>\n\n\n\n<p>Tamb\u00e9m temos uma comunidade do Discord dedicada a paganismo e bruxaria que pode interessar a quem simplesmente quer fazer outras amizades pag\u00e3s.<\/p>\n\n\n\n<div class=\"wp-block-buttons is-content-justification-center is-layout-flex wp-container-core-buttons-is-layout-a89b3969 wp-block-buttons-is-layout-flex\">\n<div class=\"wp-block-button is-style-outline is-style-outline--2\"><a class=\"wp-block-button__link wp-element-button\" href=\"https:\/\/discord.gg\/HKFP2CXEhz\">Discord do Iseum<\/a><\/div>\n<\/div>\n\n\n\n<h5 class=\"wp-block-heading\"><strong>Casamentos<\/strong><\/h5>\n\n\n\n<p>Uma das fun\u00e7\u00f5es b\u00e1sicas sacerdotais \u00e9 a da uni\u00e3o &#8211; seja comunit\u00e1ria ou privada &#8211; pelo que a Sacerdos presta parte do seu servi\u00e7o \u00e0s Senhoras da Lua atrav\u00e9s do ritual do casamento.<\/p>\n\n\n\n<p>Este ritual \u00e9 pag\u00e3o, baseado em&nbsp;<strong>pr\u00e1ticas populares e no rito de handfasting<\/strong>. \u00c9 adaptado ao m\u00e1ximo \u00e0s necessidades, desejos, din\u00e2mica e cren\u00e7as dos que desejam ser unidos, desde que dentro dos pilares do Iseum.&nbsp;<\/p>\n\n\n\n<p>\u00c9 nossa especialidade&nbsp;<strong>casamentos queer<\/strong>&nbsp;e as suas din\u00e2micas e amor \u00fanico, n\u00e3o excluindo quaisquer identidades. Esta uni\u00e3o pode ser entre duas ou mais pessoas, trans ou cis, rom\u00e2ntica ou platonicamente.<\/p>\n\n\n\n<p>Nota: Este trata-se de um casamento religioso, n\u00e3o legal. Todos os procedimentos legais normais ainda devem ser feitos de forma exterior aos rituais do Iseum.&nbsp;<\/p>\n\n\n\n<p>Se queres que a Mora Sininho Rosa oficie o teu casamento perante a Lua, preenche o seguinte formul\u00e1rio:<\/p>\n\n\n\n<div class=\"wp-block-buttons is-content-justification-center is-layout-flex wp-container-core-buttons-is-layout-a89b3969 wp-block-buttons-is-layout-flex\">\n<div class=\"wp-block-button is-style-outline is-style-outline--3\"><a class=\"wp-block-button__link wp-element-button\" href=\"https:\/\/forms.gle\/HHL51fagyfZPYcXr8\">formul\u00e1rio de casamento<\/a><\/div>\n<\/div>\n\n\n\n<p>Ap\u00f3s preencher, receber\u00e1s resposta o mais cedo poss\u00edvel. Depois das informa\u00e7\u00f5es iniciais, ser\u00e1 necess\u00e1ria uma comunica\u00e7\u00e3o por videochamada para combinar os detalhes, interesses e necessidades de todos os participantes. Se o instinto assim disser,&nbsp;<strong>o teu pedido tamb\u00e9m poder\u00e1 ser rejeitado.<\/strong><\/p>\n\n\n\n<p>Qualquer d\u00favida, procede ao contacto com u Sacerdos atrav\u00e9s das redes sociais ou email.&nbsp;<\/p>\n\n\n\n<h5 class=\"wp-block-heading\"><strong>Funerais<\/strong><\/h5>\n\n\n\n<p>Neste Iseum somos devotos aos Limites, e como tal, respeitamos a passagem para o Outro Mundo. Se tens um ente querido que j\u00e1 n\u00e3o est\u00e1 neste mundo, u Sacerdos poder\u00e1 fazer um ritual f\u00fanebre em sua honra para facilitar a sua passagem para o Outro Mundo e confortar quem continua neste.<\/p>\n\n\n\n<p>Este ritual \u00e9 adapt\u00e1vel \u00e0s cren\u00e7as da pessoa que se foi,&nbsp;<strong>baseado em pr\u00e1ticas populares f\u00fanebres e na viagem de Ataegina ao submundo<\/strong>. Certifica-te que esta pessoa desejaria que tal ritual fosse feito em sua honra. Para proceder, preenche o seguinte formul\u00e1rio:<\/p>\n\n\n\n<div class=\"wp-block-buttons is-content-justification-center is-layout-flex wp-container-core-buttons-is-layout-a89b3969 wp-block-buttons-is-layout-flex\">\n<div class=\"wp-block-button is-style-outline is-style-outline--4\"><a class=\"wp-block-button__link wp-element-button\" href=\"https:\/\/forms.gle\/t9pYwZtxb5351Soo8\">formul\u00e1rio de funeral<\/a><\/div>\n<\/div>\n\n\n\n<p>Ap\u00f3s preencher, receber\u00e1s resposta o mais cedo poss\u00edvel. Depois destas informa\u00e7\u00f5es, faremos uma comunica\u00e7\u00e3o por videochamada para combinar os detalhes. Se o instinto assim disser, e com o cora\u00e7\u00e3o pesado,&nbsp;<strong>o teu pedido tamb\u00e9m pode ser rejeitado.&nbsp;<\/strong><\/p>\n\n\n\n<p>Qualquer d\u00favida, n\u00e3o hesites em contactar.&nbsp;<\/p>\n\n\n\n<h5 class=\"wp-block-heading\"><strong>Inicia\u00e7\u00e3o<\/strong><\/h5>\n\n\n\n<p>U Sacerdos ainda n\u00e3o se considera completamente preparade para inicia\u00e7\u00f5es no momento presente. No entanto, para recolha de informa\u00e7\u00e3o e prepara\u00e7\u00e3o futura, desenvolvemos um formul\u00e1rio de interesse. Este formul\u00e1rio serve apenas para afirmar que estarias eventualmente interessade em ser iniciade como Sacerdos sob este Iseum, e n\u00e3o indica necessariamente que inicia\u00e7\u00f5es ir\u00e3o come\u00e7ar em breve ou que sequer ser\u00e1s selecionade para come\u00e7ar uma. <\/p>\n\n\n\n<p>Inicia\u00e7\u00f5es seguem o padr\u00e3o colocado pela Alexia Moon do Iseum do Caminho da Terra. \u00c9 necess\u00e1rio ter 21 anos ou mais, j\u00e1 ter um caminho pag\u00e3o desenvolvido e concordar n\u00e3o s\u00f3 com os pilares deste Iseum, mas com o <a href=\"https:\/\/www.fellowshipofisis.com\/manifesto.html\">manifesto<\/a> e <a href=\"https:\/\/www.fellowshipofisis.com\/priesttrain.html\">treino<\/a> da F.O.I. Uma inicia\u00e7\u00e3o demora no m\u00ednimo 1 ano e m\u00e1ximo 4, e requer tempo e energia para desenvolver uma conex\u00e3o com o Divino e o Liminal atrav\u00e9s de exerc\u00edcios. \u00c9 completamente privada e secretiva e completamente gratuita. <\/p>\n\n\n\n<p>Se tens interesse em prestar servi\u00e7o aos Deuses e o caminho e m\u00e9todo deste Iseum ressoa contigo, preenche este formul\u00e1rio de interesse:<\/p>\n\n\n\n<div class=\"wp-block-buttons is-content-justification-center is-layout-flex wp-container-core-buttons-is-layout-a89b3969 wp-block-buttons-is-layout-flex\">\n<div class=\"wp-block-button is-style-outline is-style-outline--5\"><a class=\"wp-block-button__link wp-element-button\" href=\"https:\/\/forms.gle\/AqSWpKnzJCmnzCjL9\">formul\u00e1rio de interesse<\/a><\/div>\n<\/div>\n\n\n\n<p> Qualquer d\u00favida, n\u00e3o hesites em contactar!<\/p>\n\n\n\n<p><\/p>\n\n\n\n<p><\/p>\n","protected":false},"excerpt":{"rendered":"<p>Todos os servi\u00e7os aqui presentes s\u00e3o fun\u00e7\u00f5es sacerdotais oferecidas como servi\u00e7o \u00e0s Senhoras. Ou seja, s\u00e3o completamente gratuitos. No entanto, se assim for desejado por quem pede o servi\u00e7o, poder\u00e1 ser oferecida uma prenda \u00e0 Sacerdos pelo servi\u00e7o prestado. Tem em conta, antes de os pedires, que acontecem sempre sob a asa e pilares do [&hellip;]<\/p>\n","protected":false},"author":1,"featured_media":0,"parent":0,"menu_order":0,"comment_status":"closed","ping_status":"closed","template":"","meta":{"footnotes":""},"class_list":["post-105","page","type-page","status-publish","hentry"],"yoast_head":"<!-- This site is optimized with the Yoast SEO plugin v25.6 - https:\/\/yoast.com\/wordpress\/plugins\/seo\/ -->\n<title>Servi\u00e7os - Iseum dos Limites da Lua<\/title>\n<meta name=\"robots\" content=\"index, follow, max-snippet:-1, max-image-preview:large, max-video-preview:-1\" \/>\n<link rel=\"canonical\" href=\"https:\/\/iseumdoslimitesdalua.com\/?page_id=105\" \/>\n<meta property=\"og:locale\" content=\"pt_PT\" \/>\n<meta property=\"og:type\" content=\"article\" \/>\n<meta property=\"og:title\" content=\"Servi\u00e7os - Iseum dos Limites da Lua\" \/>\n<meta property=\"og:description\" content=\"Todos os servi\u00e7os aqui presentes s\u00e3o fun\u00e7\u00f5es sacerdotais oferecidas como servi\u00e7o \u00e0s Senhoras. Ou seja, s\u00e3o completamente gratuitos. No entanto, se assim for desejado por quem pede o servi\u00e7o, poder\u00e1 ser oferecida uma prenda \u00e0 Sacerdos pelo servi\u00e7o prestado. Tem em conta, antes de os pedires, que acontecem sempre sob a asa e pilares do [&hellip;]\" \/>\n<meta property=\"og:url\" content=\"https:\/\/iseumdoslimitesdalua.com\/?page_id=105\" \/>\n<meta property=\"og:site_name\" content=\"Iseum dos Limites da Lua\" \/>\n<meta property=\"article:modified_time\" content=\"2025-07-11T15:30:49+00:00\" \/>\n<meta name=\"twitter:card\" content=\"summary_large_image\" \/>\n<meta name=\"twitter:label1\" content=\"Tempo estimado de leitura\" \/>\n\t<meta name=\"twitter:data1\" content=\"4 minutos\" \/>\n<script type=\"application\/ld+json\" class=\"yoast-schema-graph\">{\"@context\":\"https:\/\/schema.org\",\"@graph\":[{\"@type\":\"WebPage\",\"@id\":\"https:\/\/iseumdoslimitesdalua.com\/?page_id=105\",\"url\":\"https:\/\/iseumdoslimitesdalua.com\/?page_id=105\",\"name\":\"Servi\u00e7os - Iseum dos Limites da Lua\",\"isPartOf\":{\"@id\":\"http:\/\/iseumdoslimitesdalua.com\/#website\"},\"datePublished\":\"2025-07-11T12:34:04+00:00\",\"dateModified\":\"2025-07-11T15:30:49+00:00\",\"breadcrumb\":{\"@id\":\"https:\/\/iseumdoslimitesdalua.com\/?page_id=105#breadcrumb\"},\"inLanguage\":\"pt-PT\",\"potentialAction\":[{\"@type\":\"ReadAction\",\"target\":[\"https:\/\/iseumdoslimitesdalua.com\/?page_id=105\"]}]},{\"@type\":\"BreadcrumbList\",\"@id\":\"https:\/\/iseumdoslimitesdalua.com\/?page_id=105#breadcrumb\",\"itemListElement\":[{\"@type\":\"ListItem\",\"position\":1,\"name\":\"Home\",\"item\":\"http:\/\/iseumdoslimitesdalua.com\/\"},{\"@type\":\"ListItem\",\"position\":2,\"name\":\"Servi\u00e7os\"}]},{\"@type\":\"WebSite\",\"@id\":\"http:\/\/iseumdoslimitesdalua.com\/#website\",\"url\":\"http:\/\/iseumdoslimitesdalua.com\/\",\"name\":\"Iseum Dos Limites Da Lua\",\"description\":\"\",\"publisher\":{\"@id\":\"http:\/\/iseumdoslimitesdalua.com\/#organization\"},\"potentialAction\":[{\"@type\":\"SearchAction\",\"target\":{\"@type\":\"EntryPoint\",\"urlTemplate\":\"http:\/\/iseumdoslimitesdalua.com\/?s={search_term_string}\"},\"query-input\":{\"@type\":\"PropertyValueSpecification\",\"valueRequired\":true,\"valueName\":\"search_term_string\"}}],\"inLanguage\":\"pt-PT\"},{\"@type\":\"Organization\",\"@id\":\"http:\/\/iseumdoslimitesdalua.com\/#organization\",\"name\":\"Iseum Dos Limites Da Lua\",\"url\":\"http:\/\/iseumdoslimitesdalua.com\/\",\"logo\":{\"@type\":\"ImageObject\",\"inLanguage\":\"pt-PT\",\"@id\":\"http:\/\/iseumdoslimitesdalua.com\/#\/schema\/logo\/image\/\",\"url\":\"https:\/\/iseumdoslimitesdalua.com\/wp-content\/uploads\/2025\/12\/Untitled-design-5.png\",\"contentUrl\":\"https:\/\/iseumdoslimitesdalua.com\/wp-content\/uploads\/2025\/12\/Untitled-design-5.png\",\"width\":500,\"height\":500,\"caption\":\"Iseum Dos Limites Da Lua\"},\"image\":{\"@id\":\"http:\/\/iseumdoslimitesdalua.com\/#\/schema\/logo\/image\/\"}}]}<\/script>\n<!-- \/ Yoast SEO plugin. -->","yoast_head_json":{"title":"Servi\u00e7os - Iseum dos Limites da Lua","robots":{"index":"index","follow":"follow","max-snippet":"max-snippet:-1","max-image-preview":"max-image-preview:large","max-video-preview":"max-video-preview:-1"},"canonical":"https:\/\/iseumdoslimitesdalua.com\/?page_id=105","og_locale":"pt_PT","og_type":"article","og_title":"Servi\u00e7os - Iseum dos Limites da Lua","og_description":"Todos os servi\u00e7os aqui presentes s\u00e3o fun\u00e7\u00f5es sacerdotais oferecidas como servi\u00e7o \u00e0s Senhoras. Ou seja, s\u00e3o completamente gratuitos. No entanto, se assim for desejado por quem pede o servi\u00e7o, poder\u00e1 ser oferecida uma prenda \u00e0 Sacerdos pelo servi\u00e7o prestado. Tem em conta, antes de os pedires, que acontecem sempre sob a asa e pilares do [&hellip;]","og_url":"https:\/\/iseumdoslimitesdalua.com\/?page_id=105","og_site_name":"Iseum dos Limites da Lua","article_modified_time":"2025-07-11T15:30:49+00:00","twitter_card":"summary_large_image","twitter_misc":{"Tempo estimado de leitura":"4 minutos"},"schema":{"@context":"https:\/\/schema.org","@graph":[{"@type":"WebPage","@id":"https:\/\/iseumdoslimitesdalua.com\/?page_id=105","url":"https:\/\/iseumdoslimitesdalua.com\/?page_id=105","name":"Servi\u00e7os - Iseum dos Limites da Lua","isPartOf":{"@id":"http:\/\/iseumdoslimitesdalua.com\/#website"},"datePublished":"2025-07-11T12:34:04+00:00","dateModified":"2025-07-11T15:30:49+00:00","breadcrumb":{"@id":"https:\/\/iseumdoslimitesdalua.com\/?page_id=105#breadcrumb"},"inLanguage":"pt-PT","potentialAction":[{"@type":"ReadAction","target":["https:\/\/iseumdoslimitesdalua.com\/?page_id=105"]}]},{"@type":"BreadcrumbList","@id":"https:\/\/iseumdoslimitesdalua.com\/?page_id=105#breadcrumb","itemListElement":[{"@type":"ListItem","position":1,"name":"Home","item":"http:\/\/iseumdoslimitesdalua.com\/"},{"@type":"ListItem","position":2,"name":"Servi\u00e7os"}]},{"@type":"WebSite","@id":"http:\/\/iseumdoslimitesdalua.com\/#website","url":"http:\/\/iseumdoslimitesdalua.com\/","name":"Iseum Dos Limites Da Lua","description":"","publisher":{"@id":"http:\/\/iseumdoslimitesdalua.com\/#organization"},"potentialAction":[{"@type":"SearchAction","target":{"@type":"EntryPoint","urlTemplate":"http:\/\/iseumdoslimitesdalua.com\/?s={search_term_string}"},"query-input":{"@type":"PropertyValueSpecification","valueRequired":true,"valueName":"search_term_string"}}],"inLanguage":"pt-PT"},{"@type":"Organization","@id":"http:\/\/iseumdoslimitesdalua.com\/#organization","name":"Iseum Dos Limites Da Lua","url":"http:\/\/iseumdoslimitesdalua.com\/","logo":{"@type":"ImageObject","inLanguage":"pt-PT","@id":"http:\/\/iseumdoslimitesdalua.com\/#\/schema\/logo\/image\/","url":"https:\/\/iseumdoslimitesdalua.com\/wp-content\/uploads\/2025\/12\/Untitled-design-5.png","contentUrl":"https:\/\/iseumdoslimitesdalua.com\/wp-content\/uploads\/2025\/12\/Untitled-design-5.png","width":500,"height":500,"caption":"Iseum Dos Limites Da Lua"},"image":{"@id":"http:\/\/iseumdoslimitesdalua.com\/#\/schema\/logo\/image\/"}}]}},"_links":{"self":[{"href":"https:\/\/iseumdoslimitesdalua.com\/index.php?rest_route=\/wp\/v2\/pages\/105","targetHints":{"allow":["GET"]}}],"collection":[{"href":"https:\/\/iseumdoslimitesdalua.com\/index.php?rest_route=\/wp\/v2\/pages"}],"about":[{"href":"https:\/\/iseumdoslimitesdalua.com\/index.php?rest_route=\/wp\/v2\/types\/page"}],"author":[{"embeddable":true,"href":"https:\/\/iseumdoslimitesdalua.com\/index.php?rest_route=\/wp\/v2\/users\/1"}],"replies":[{"embeddable":true,"href":"https:\/\/iseumdoslimitesdalua.com\/index.php?rest_route=%2Fwp%2Fv2%2Fcomments&post=105"}],"version-history":[{"count":3,"href":"https:\/\/iseumdoslimitesdalua.com\/index.php?rest_route=\/wp\/v2\/pages\/105\/revisions"}],"predecessor-version":[{"id":180,"href":"https:\/\/iseumdoslimitesdalua.com\/index.php?rest_route=\/wp\/v2\/pages\/105\/revisions\/180"}],"wp:attachment":[{"href":"https:\/\/iseumdoslimitesdalua.com\/index.php?rest_route=%2Fwp%2Fv2%2Fmedia&parent=105"}],"curies":[{"name":"wp","href":"https:\/\/api.w.org\/{rel}","templated":true}]}}